{"id":985,"date":"2024-03-13T16:36:00","date_gmt":"2024-03-13T15:36:00","guid":{"rendered":"https:\/\/www.agriturvineamor.com\/?page_id=985"},"modified":"2024-03-13T16:36:04","modified_gmt":"2024-03-13T15:36:04","slug":"agriturismo-mit-fruhstuck-am-gardasee","status":"publish","type":"page","link":"https:\/\/www.agriturvineamor.com\/en\/agriturismo-mit-fruhstuck-am-gardasee\/","title":{"rendered":"Agriturismo mit fr\u00fchst\u00fcck am gardasee"},"content":{"rendered":"<p>[et_pb_section fb_built=&#8221;1&#8243; theme_builder_area=&#8221;post_content&#8221; _builder_version=&#8221;4.23.1&#8243; _module_preset=&#8221;default&#8221;][et_pb_row _builder_version=&#8221;4.23.1&#8243; _module_preset=&#8221;default&#8221; theme_builder_area=&#8221;post_content&#8221;][et_pb_column _builder_version=&#8221;4.23.1&#8243; _module_preset=&#8221;default&#8221; type=&#8221;4_4&#8243; theme_builder_area=&#8221;post_content&#8221;][et_pb_text _builder_version=&#8221;4.23.1&#8243; _module_preset=&#8221;default&#8221; theme_builder_area=&#8221;post_content&#8221; hover_enabled=&#8221;0&#8243; sticky_enabled=&#8221;0&#8243;]<\/p>\n<h1>Agriturismo mit fr\u00fchst\u00fcck am gardasee<\/h1>\n<p>Wir sind das ideale Bauernhaus f\u00fcr Familien, die einen unvergesslichen Urlaub am Ufer des Gardasees verbringen m\u00f6chten. Nichts ist vergleichbar mit dem Erlebnis einer \u00dcbernachtung mit Fr\u00fchst\u00fcck in einer einladenden Struktur, die nicht nur Komfort, sondern auch eine breite Palette an Aktivit\u00e4ten f\u00fcr alle Altersgruppen bietet.<\/p>\n<p>Die mit ger\u00e4umigen und einladenden Zimmern ausgestattete Unterkunft bietet einen atemberaubenden Blick auf das glitzernde Wasser des Sees oder die umliegenden gr\u00fcnen H\u00fcgel.<\/p>\n<p>&nbsp;Jedes Zimmer ist sorgf\u00e4ltig eingerichtet, um maximalen Komfort und Entspannung f\u00fcr die ganze Familie zu gew\u00e4hrleisten, mit modernen Annehmlichkeiten und Details, die auf die Bed\u00fcrfnisse von Erwachsenen und Kindern zugeschnitten sind.<\/p>\n<p>Vertrauen Sie einem erfahrenen und kompetenten Team, das in der Lage ist, jede Situation bestm\u00f6glich zu bew\u00e4ltigen. Unser Hauptziel ist es, dass Sie entspannte und unterhaltsame Tage in Gesellschaft Ihrer Familie verbringen.<img loading=\"lazy\" decoding=\"async\" class=\"wp-image-776 size-medium alignright\" src=\"https:\/\/www.agriturvineamor.com\/wp-content\/uploads\/2023\/05\/breakfast-agritur-vin-e-amor-ricco-buffet-1024x683-1-300x200.jpg\" alt=\"Agriturismo mit fr\u00fchst\u00fcck am gardasee\" width=\"300\" height=\"200\"><\/p>\n<h2>Familienfreundliches Bauernhaus mit Fr\u00fchst\u00fcck inklusive<\/h2>\n<p>Der Tag beginnt mit einem k\u00f6stlichen Fr\u00fchst\u00fccksbuffet, bei dem die G\u00e4ste eine Vielfalt an s\u00fc\u00dfen und herzhaften K\u00f6stlichkeiten genie\u00dfen k\u00f6nnen.<\/p>\n<p>Anschlie\u00dfend k\u00f6nnen Sie sich im Kreise Ihrer Familie unz\u00e4hligen Aktivit\u00e4ten widmen. Das Anwesen verf\u00fcgt \u00fcber einen privaten Swimmingpool und einen gro\u00dfen, sicheren Parkplatz.<\/p>\n<p>Mit seiner einladenden Atmosph\u00e4re und den zahlreichen Aktivit\u00e4ten bieten wir eine \u00dcbernachtung mit Fr\u00fchst\u00fcck am einzigartigen Gardasee, der seinesgleichen sucht. Wir sind die perfekte Wahl f\u00fcr einen unvergesslichen Familienurlaub, bei dem jeder Moment eine Gelegenheit ist, wertvolle Erinnerungen zu schaffen und besondere Momente gemeinsam zu teilen.<\/p>\n<h3>Rufen Sie jetzt an, um ein Zimmer zu reservieren. Wir sind bereit, jeden Ihrer W\u00fcnsche zu erf\u00fcllen.<\/h3>\n<p>&nbsp;<\/p>\n<p>[\/et_pb_text][\/et_pb_column][\/et_pb_row][\/et_pb_section]<\/p>\n","protected":false},"excerpt":{"rendered":"<p>Agriturismo mit fr\u00fchst\u00fcck am gardasee Wir sind das ideale Bauernhaus f\u00fcr Familien, die einen unvergesslichen Urlaub am Ufer des Gardasees verbringen m\u00f6chten. Nichts ist vergleichbar mit dem Erlebnis einer \u00dcbernachtung mit Fr\u00fchst\u00fcck in einer einladenden Struktur, die nicht nur Komfort, sondern auch eine breite Palette an Aktivit\u00e4ten f\u00fcr alle Altersgruppen bietet. Die mit ger\u00e4umigen und [&hellip;]<\/p>\n","protected":false},"author":1,"featured_media":0,"parent":0,"menu_order":0,"comment_status":"closed","ping_status":"closed","template":"","meta":{"_et_pb_use_builder":"on","_et_pb_old_content":"","_et_gb_content_width":"","ngg_post_thumbnail":0,"footnotes":""},"yoast_head":"<!-- This site is optimized with the Yoast SEO plugin v21.5 - https:\/\/yoast.com\/wordpress\/plugins\/seo\/ -->\n<title>Agriturismo mit fr\u00fchst\u00fcck am gardasee - SOC. AGR. SEMPLICE TIAGO E NISSE DI BENUZZI D. E BENUZZI M.<\/title>\n<meta name=\"description\" content=\"Vertrauen Sie unserem Bauernhof mit der M\u00f6glichkeit, das Fr\u00fchst\u00fcck im Preis inbegriffen zu haben, kontaktieren Sie uns.\" \/>\n<meta name=\"robots\" content=\"index, follow, max-snippet:-1, max-image-preview:large, max-video-preview:-1\" \/>\n<link rel=\"canonical\" href=\"https:\/\/www.agriturvineamor.com\/en\/agriturismo-mit-fruhstuck-am-gardasee\/\" \/>\n<meta property=\"og:locale\" content=\"en_US\" \/>\n<meta property=\"og:type\" content=\"article\" \/>\n<meta property=\"og:title\" content=\"Agriturismo mit fr\u00fchst\u00fcck am gardasee - SOC. AGR. SEMPLICE TIAGO E NISSE DI BENUZZI D. E BENUZZI M.\" \/>\n<meta property=\"og:description\" content=\"Vertrauen Sie unserem Bauernhof mit der M\u00f6glichkeit, das Fr\u00fchst\u00fcck im Preis inbegriffen zu haben, kontaktieren Sie uns.\" \/>\n<meta property=\"og:url\" content=\"https:\/\/www.agriturvineamor.com\/en\/agriturismo-mit-fruhstuck-am-gardasee\/\" \/>\n<meta property=\"og:site_name\" content=\"SOC. AGR. SEMPLICE TIAGO E NISSE DI BENUZZI D. E BENUZZI M.\" \/>\n<meta property=\"article:modified_time\" content=\"2024-03-13T15:36:04+00:00\" \/>\n<meta property=\"og:image\" content=\"https:\/\/www.agriturvineamor.com\/wp-content\/uploads\/2023\/05\/breakfast-agritur-vin-e-amor-ricco-buffet-1024x683-1-300x200.jpg\" \/>\n<meta name=\"twitter:card\" content=\"summary_large_image\" \/>\n<script type=\"application\/ld+json\" class=\"yoast-schema-graph\">{\"@context\":\"https:\/\/schema.org\",\"@graph\":[{\"@type\":\"WebPage\",\"@id\":\"https:\/\/www.agriturvineamor.com\/en\/agriturismo-mit-fruhstuck-am-gardasee\/\",\"url\":\"https:\/\/www.agriturvineamor.com\/en\/agriturismo-mit-fruhstuck-am-gardasee\/\",\"name\":\"Agriturismo mit fr\u00fchst\u00fcck am gardasee - SOC. AGR. SEMPLICE TIAGO E NISSE DI BENUZZI D. E BENUZZI M.\",\"isPartOf\":{\"@id\":\"https:\/\/www.agriturvineamor.com\/#website\"},\"datePublished\":\"2024-03-13T15:36:00+00:00\",\"dateModified\":\"2024-03-13T15:36:04+00:00\",\"description\":\"Vertrauen Sie unserem Bauernhof mit der M\u00f6glichkeit, das Fr\u00fchst\u00fcck im Preis inbegriffen zu haben, kontaktieren Sie uns.\",\"breadcrumb\":{\"@id\":\"https:\/\/www.agriturvineamor.com\/en\/agriturismo-mit-fruhstuck-am-gardasee\/#breadcrumb\"},\"inLanguage\":\"en-US\",\"potentialAction\":[{\"@type\":\"ReadAction\",\"target\":[\"https:\/\/www.agriturvineamor.com\/en\/agriturismo-mit-fruhstuck-am-gardasee\/\"]}]},{\"@type\":\"BreadcrumbList\",\"@id\":\"https:\/\/www.agriturvineamor.com\/en\/agriturismo-mit-fruhstuck-am-gardasee\/#breadcrumb\",\"itemListElement\":[{\"@type\":\"ListItem\",\"position\":1,\"name\":\"Home\",\"item\":\"https:\/\/www.agriturvineamor.com\/en\/\"},{\"@type\":\"ListItem\",\"position\":2,\"name\":\"Agriturismo mit fr\u00fchst\u00fcck am gardasee\"}]},{\"@type\":\"WebSite\",\"@id\":\"https:\/\/www.agriturvineamor.com\/#website\",\"url\":\"https:\/\/www.agriturvineamor.com\/\",\"name\":\"SOC. AGR. SEMPLICE TIAGO E NISSE DI BENUZZI D. E BENUZZI M.\",\"description\":\"\",\"potentialAction\":[{\"@type\":\"SearchAction\",\"target\":{\"@type\":\"EntryPoint\",\"urlTemplate\":\"https:\/\/www.agriturvineamor.com\/?s={search_term_string}\"},\"query-input\":\"required name=search_term_string\"}],\"inLanguage\":\"en-US\"}]}<\/script>\n<!-- \/ Yoast SEO plugin. -->","yoast_head_json":{"title":"Agriturismo mit fr\u00fchst\u00fcck am gardasee - SOC. AGR. SEMPLICE TIAGO E NISSE DI BENUZZI D. E BENUZZI M.","description":"Vertrauen Sie unserem Bauernhof mit der M\u00f6glichkeit, das Fr\u00fchst\u00fcck im Preis inbegriffen zu haben, kontaktieren Sie uns.","robots":{"index":"index","follow":"follow","max-snippet":"max-snippet:-1","max-image-preview":"max-image-preview:large","max-video-preview":"max-video-preview:-1"},"canonical":"https:\/\/www.agriturvineamor.com\/en\/agriturismo-mit-fruhstuck-am-gardasee\/","og_locale":"en_US","og_type":"article","og_title":"Agriturismo mit fr\u00fchst\u00fcck am gardasee - SOC. AGR. SEMPLICE TIAGO E NISSE DI BENUZZI D. E BENUZZI M.","og_description":"Vertrauen Sie unserem Bauernhof mit der M\u00f6glichkeit, das Fr\u00fchst\u00fcck im Preis inbegriffen zu haben, kontaktieren Sie uns.","og_url":"https:\/\/www.agriturvineamor.com\/en\/agriturismo-mit-fruhstuck-am-gardasee\/","og_site_name":"SOC. AGR. SEMPLICE TIAGO E NISSE DI BENUZZI D. E BENUZZI M.","article_modified_time":"2024-03-13T15:36:04+00:00","og_image":[{"url":"https:\/\/www.agriturvineamor.com\/wp-content\/uploads\/2023\/05\/breakfast-agritur-vin-e-amor-ricco-buffet-1024x683-1-300x200.jpg"}],"twitter_card":"summary_large_image","schema":{"@context":"https:\/\/schema.org","@graph":[{"@type":"WebPage","@id":"https:\/\/www.agriturvineamor.com\/en\/agriturismo-mit-fruhstuck-am-gardasee\/","url":"https:\/\/www.agriturvineamor.com\/en\/agriturismo-mit-fruhstuck-am-gardasee\/","name":"Agriturismo mit fr\u00fchst\u00fcck am gardasee - SOC. AGR. SEMPLICE TIAGO E NISSE DI BENUZZI D. E BENUZZI M.","isPartOf":{"@id":"https:\/\/www.agriturvineamor.com\/#website"},"datePublished":"2024-03-13T15:36:00+00:00","dateModified":"2024-03-13T15:36:04+00:00","description":"Vertrauen Sie unserem Bauernhof mit der M\u00f6glichkeit, das Fr\u00fchst\u00fcck im Preis inbegriffen zu haben, kontaktieren Sie uns.","breadcrumb":{"@id":"https:\/\/www.agriturvineamor.com\/en\/agriturismo-mit-fruhstuck-am-gardasee\/#breadcrumb"},"inLanguage":"en-US","potentialAction":[{"@type":"ReadAction","target":["https:\/\/www.agriturvineamor.com\/en\/agriturismo-mit-fruhstuck-am-gardasee\/"]}]},{"@type":"BreadcrumbList","@id":"https:\/\/www.agriturvineamor.com\/en\/agriturismo-mit-fruhstuck-am-gardasee\/#breadcrumb","itemListElement":[{"@type":"ListItem","position":1,"name":"Home","item":"https:\/\/www.agriturvineamor.com\/en\/"},{"@type":"ListItem","position":2,"name":"Agriturismo mit fr\u00fchst\u00fcck am gardasee"}]},{"@type":"WebSite","@id":"https:\/\/www.agriturvineamor.com\/#website","url":"https:\/\/www.agriturvineamor.com\/","name":"SOC. AGR. SEMPLICE TIAGO E NISSE DI BENUZZI D. E BENUZZI M.","description":"","potentialAction":[{"@type":"SearchAction","target":{"@type":"EntryPoint","urlTemplate":"https:\/\/www.agriturvineamor.com\/?s={search_term_string}"},"query-input":"required name=search_term_string"}],"inLanguage":"en-US"}]}},"_links":{"self":[{"href":"https:\/\/www.agriturvineamor.com\/en\/wp-json\/wp\/v2\/pages\/985"}],"collection":[{"href":"https:\/\/www.agriturvineamor.com\/en\/wp-json\/wp\/v2\/pages"}],"about":[{"href":"https:\/\/www.agriturvineamor.com\/en\/wp-json\/wp\/v2\/types\/page"}],"author":[{"embeddable":true,"href":"https:\/\/www.agriturvineamor.com\/en\/wp-json\/wp\/v2\/users\/1"}],"replies":[{"embeddable":true,"href":"https:\/\/www.agriturvineamor.com\/en\/wp-json\/wp\/v2\/comments?post=985"}],"version-history":[{"count":2,"href":"https:\/\/www.agriturvineamor.com\/en\/wp-json\/wp\/v2\/pages\/985\/revisions"}],"predecessor-version":[{"id":988,"href":"https:\/\/www.agriturvineamor.com\/en\/wp-json\/wp\/v2\/pages\/985\/revisions\/988"}],"wp:attachment":[{"href":"https:\/\/www.agriturvineamor.com\/en\/wp-json\/wp\/v2\/media?parent=985"}],"curies":[{"name":"wp","href":"https:\/\/api.w.org\/{rel}","templated":true}]}}