{"id":619,"date":"2023-05-18T10:13:07","date_gmt":"2023-05-18T08:13:07","guid":{"rendered":"https:\/\/www.agriturvineamor.com\/territorio\/"},"modified":"2023-11-13T17:26:11","modified_gmt":"2023-11-13T16:26:11","slug":"das-gebiet","status":"publish","type":"page","link":"https:\/\/www.agriturvineamor.com\/de\/das-gebiet\/","title":{"rendered":"Umgebung"},"content":{"rendered":"<p>[et_pb_section fb_built=&#8220;1&#8243; _builder_version=&#8220;4.21.0&#8243; _module_preset=&#8220;default&#8220; use_background_color_gradient=&#8220;on&#8220; background_color_gradient_stops=&#8220;rgba(0,0,0,0.42) 0%|rgba(0,0,0,0.54) 100%&#8220; background_color_gradient_overlays_image=&#8220;on&#8220; background_image=&#8220;https:\/\/www.agriturvineamor.com\/wp-content\/uploads\/2023\/05\/territorio-agritur-vineamor-1.jpg&#8220; custom_padding=&#8220;400px||50px||false|false&#8220; global_colors_info=&#8220;{}&#8220;][et_pb_row _builder_version=&#8220;4.21.0&#8243; _module_preset=&#8220;default&#8220; max_width=&#8220;1440px&#8220; global_colors_info=&#8220;{}&#8220;][et_pb_column type=&#8220;4_4&#8243; _builder_version=&#8220;4.21.0&#8243; _module_preset=&#8220;default&#8220; global_colors_info=&#8220;{}&#8220;][et_pb_text _builder_version=&#8220;4.21.0&#8243; _dynamic_attributes=&#8220;content&#8220; _module_preset=&#8220;default&#8220; header_font=&#8220;Baloo Da 2|700|||||||&#8220; header_text_align=&#8220;center&#8220; header_text_color=&#8220;#FFFFFF&#8220; header_font_size=&#8220;50px&#8220; header_font_size_tablet=&#8220;40px&#8220; header_font_size_phone=&#8220;35px&#8220; header_font_size_last_edited=&#8220;on|phone&#8220; global_colors_info=&#8220;{}&#8220;]@ET-DC@eyJkeW5hbWljIjp0cnVlLCJjb250ZW50IjoicG9zdF90aXRsZSIsInNldHRpbmdzIjp7ImJlZm9yZSI6IjxoMT4iLCJhZnRlciI6IjxoMT4ifX0=@[\/et_pb_text][\/et_pb_column][\/et_pb_row][\/et_pb_section][et_pb_section fb_built=&#8220;1&#8243; _builder_version=&#8220;4.21.0&#8243; _module_preset=&#8220;default&#8220; global_colors_info=&#8220;{}&#8220;][et_pb_row _builder_version=&#8220;4.21.0&#8243; _module_preset=&#8220;default&#8220; width=&#8220;90%&#8220; max_width=&#8220;1440px&#8220; locked=&#8220;off&#8220; global_colors_info=&#8220;{}&#8220;][et_pb_column type=&#8220;4_4&#8243; _builder_version=&#8220;4.21.0&#8243; _module_preset=&#8220;default&#8220; global_colors_info=&#8220;{}&#8220;][et_pb_text _builder_version=&#8220;4.23.1&#8243; _module_preset=&#8220;default&#8220; header_font=&#8220;Baloo Da 2|700|||||||&#8220; header_text_color=&#8220;#a55d87&#8243; header_font_size=&#8220;35px&#8220; hover_enabled=&#8220;0&#8243; global_colors_info=&#8220;{}&#8220; sticky_enabled=&#8220;0&#8243;]<\/p>\n<h1 style=\"text-align: center;\">ZWISCHEN SEE UND BERGEN<\/h1>\n<p>[\/et_pb_text][\/et_pb_column][\/et_pb_row][et_pb_row column_structure=&#8220;1_2,1_2&#8243; _builder_version=&#8220;4.21.0&#8243; _module_preset=&#8220;default&#8220; width=&#8220;90%&#8220; max_width=&#8220;1440px&#8220; locked=&#8220;off&#8220; global_colors_info=&#8220;{}&#8220;][et_pb_column type=&#8220;1_2&#8243; _builder_version=&#8220;4.21.0&#8243; _module_preset=&#8220;default&#8220; global_colors_info=&#8220;{}&#8220;][et_pb_blurb content_max_width=&#8220;100%&#8220; _builder_version=&#8220;4.23.1&#8243; _module_preset=&#8220;default&#8220; header_font=&#8220;Baloo Da 2|700|||||||&#8220; header_text_color=&#8220;#a55d87&#8243; header_font_size=&#8220;30px&#8220; body_font=&#8220;Montserrat||||||||&#8220; body_text_color=&#8220;#1c1c1c&#8220; body_font_size=&#8220;18px&#8220; body_link_text_color=&#8220;#1c1c1c&#8220; hover_enabled=&#8220;0&#8243; global_colors_info=&#8220;{}&#8220; sticky_enabled=&#8220;0&#8243;]Wir befinden uns am<span>\u00a0<\/span><strong>Gardasee im Trentino<\/strong>, ein so reiches und \u00fcppiges Land, dass wir nicht wissen, wo wir anfangen sollen, um Ihnen davon zu erz\u00e4hlen\u2026 hier kann man zahlreiche Sportarten aus\u00fcben, alte D\u00f6rfer, Schl\u00f6sser und die Ortschaften am See besuchen, Einkaufsbummel unternehmen und sich mit der ganzen Familie vergn\u00fcgen.<\/p>\n<p>Am Ende des Tages erwarten wir Sie im Agrotourismus zu einer<span>\u00a0<\/span><a href=\"https:\/\/www.agriturvineamor.com\/de\/verkostungen-wein-gardasee\/?lang=de\"><span style=\"text-decoration: underline;\">Weinverkostung<\/span><\/a><span>\u00a0<\/span>und bei einem Glas Wein und unter vielem Gel\u00e4chter berichten Sie uns von Ihrem Ausflug.[\/et_pb_blurb][\/et_pb_column][et_pb_column type=&#8220;1_2&#8243; _builder_version=&#8220;4.21.0&#8243; _module_preset=&#8220;default&#8220; global_colors_info=&#8220;{}&#8220;][et_pb_blurb title=&#8220; Mountainbike &#038; Sports&#8220; content_max_width=&#8220;100%&#8220; _builder_version=&#8220;4.23.1&#8243; _module_preset=&#8220;default&#8220; header_font=&#8220;Baloo Da 2|700|||||||&#8220; header_text_color=&#8220;#a55d87&#8243; header_font_size=&#8220;30px&#8220; body_font=&#8220;Montserrat||||||||&#8220; body_text_color=&#8220;#1c1c1c&#8220; body_font_size=&#8220;18px&#8220; custom_margin=&#8220;||22px|||&#8220; hover_enabled=&#8220;0&#8243; locked=&#8220;off&#8220; global_colors_info=&#8220;{}&#8220; sticky_enabled=&#8220;0&#8243;]<\/p>\n<p>Das Sarcatal erstreckt sich im Zentrum des europaweit beliebtesten Sportgebietes unter freiem Himmel: Der Gardasee im Trentino.<\/p>\n<p>Hier besteht die M\u00f6glichkeit, jede Art von Sport auszu\u00fcben, von den Wanderungen auf den nahen Gipfeln des Gardasees \u00fcber eindrucksvolle Routen mit dem Mountainbike bis hin zu Klettertouren, dem Windsurfen und Segeln auf dem Wasser.<\/p>\n<p>[\/et_pb_blurb][\/et_pb_column][\/et_pb_row][et_pb_row _builder_version=&#8220;4.21.0&#8243; _module_preset=&#8220;default&#8220; width=&#8220;90%&#8220; max_width=&#8220;1440px&#8220; locked=&#8220;off&#8220; global_colors_info=&#8220;{}&#8220;][et_pb_column type=&#8220;4_4&#8243; _builder_version=&#8220;4.21.0&#8243; _module_preset=&#8220;default&#8220; global_colors_info=&#8220;{}&#8220;][et_pb_image src=&#8220;https:\/\/www.agriturvineamor.com\/wp-content\/uploads\/2023\/05\/vin-amor-dro-agritur-grapes-150&#215;150-1.png&#8220; title_text=&#8220;vin-amor-dro-agritur-grapes-150&#215;150&#8243; align=&#8220;center&#8220; _builder_version=&#8220;4.21.0&#8243; _module_preset=&#8220;default&#8220; global_colors_info=&#8220;{}&#8220;][\/et_pb_image][et_pb_blurb title=&#8220;Unsere Vorschl\u00e4ge um Ihren Urlaub ein unvergessliches Erlebnis werden zu lassen&#8220; content_max_width=&#8220;100%&#8220; _builder_version=&#8220;4.23.1&#8243; _module_preset=&#8220;default&#8220; header_font=&#8220;Baloo Da 2|700|||||||&#8220; header_text_align=&#8220;center&#8220; header_text_color=&#8220;#a55d87&#8243; header_font_size=&#8220;30px&#8220; body_font=&#8220;Montserrat||||||||&#8220; body_text_color=&#8220;#1c1c1c&#8220; body_font_size=&#8220;18px&#8220; hover_enabled=&#8220;0&#8243; locked=&#8220;off&#8220; global_colors_info=&#8220;{}&#8220; sticky_enabled=&#8220;0&#8243;][\/et_pb_blurb][et_pb_blog fullwidth=&#8220;off&#8220; include_categories=&#8220;4&#8243; show_author=&#8220;off&#8220; show_date=&#8220;off&#8220; show_categories=&#8220;off&#8220; show_excerpt=&#8220;off&#8220; show_pagination=&#8220;off&#8220; _builder_version=&#8220;4.21.0&#8243; _module_preset=&#8220;default&#8220; header_font=&#8220;Baloo Da 2|700|||||||&#8220; header_text_align=&#8220;center&#8220; header_text_color=&#8220;#1c1c1c&#8220; custom_css_title=&#8220;height:60px;&#8220; border_width_all=&#8220;0px&#8220; box_shadow_style=&#8220;preset4&#8243; box_shadow_color=&#8220;#a55d87&#8243; global_colors_info=&#8220;{}&#8220;][\/et_pb_blog][\/et_pb_column][\/et_pb_row][\/et_pb_section][et_pb_section fb_built=&#8220;1&#8243; fullwidth=&#8220;on&#8220; _builder_version=&#8220;4.21.0&#8243; _module_preset=&#8220;default&#8220; global_colors_info=&#8220;{}&#8220;][et_pb_fullwidth_code _builder_version=&#8220;4.21.0&#8243; _module_preset=&#8220;default&#8220; global_colors_info=&#8220;{}&#8220;]<iframe src=\"https:\/\/www.google.com\/maps\/embed?pb=!1m14!1m8!1m3!1d11095.00454084537!2d10.9040044!3d45.9562551!3m2!1i1024!2i768!4f13.1!3m3!1m2!1s0x478213758e591815%3A0xd53b87c811d03c6c!2sAgritur%20Vin%20e%20Amor!5e0!3m2!1sen!2s!4v1684417874486!5m2!1sen!2s\" width=\"100%\" height=\"450\" style=\"border:0;\" allowfullscreen=\"\" loading=\"lazy\" referrerpolicy=\"no-referrer-when-downgrade\"><\/iframe>[\/et_pb_fullwidth_code][\/et_pb_section]<\/p>\n","protected":false},"excerpt":{"rendered":"<p>ZWISCHEN SEE UND BERGENWir befinden uns am\u00a0Gardasee im Trentino, ein so reiches und \u00fcppiges Land, dass wir nicht wissen, wo wir anfangen sollen, um Ihnen davon zu erz\u00e4hlen\u2026 hier kann man zahlreiche Sportarten aus\u00fcben, alte D\u00f6rfer, Schl\u00f6sser und die Ortschaften am See besuchen, Einkaufsbummel unternehmen und sich mit der ganzen Familie vergn\u00fcgen. Am Ende des [&hellip;]<\/p>\n","protected":false},"author":1,"featured_media":0,"parent":0,"menu_order":0,"comment_status":"closed","ping_status":"closed","template":"","meta":{"_et_pb_use_builder":"on","_et_pb_old_content":"","_et_gb_content_width":"","ngg_post_thumbnail":0,"footnotes":""},"yoast_head":"<!-- This site is optimized with the Yoast SEO plugin v21.5 - https:\/\/yoast.com\/wordpress\/plugins\/seo\/ -->\n<title>Umgebung - SOC. AGR. SEMPLICE TIAGO E NISSE DI BENUZZI D. E BENUZZI M.<\/title>\n<meta name=\"robots\" content=\"index, follow, max-snippet:-1, max-image-preview:large, max-video-preview:-1\" \/>\n<link rel=\"canonical\" href=\"https:\/\/www.agriturvineamor.com\/de\/das-gebiet\/\" \/>\n<meta property=\"og:locale\" content=\"de_DE\" \/>\n<meta property=\"og:type\" content=\"article\" \/>\n<meta property=\"og:title\" content=\"Umgebung - SOC. AGR. SEMPLICE TIAGO E NISSE DI BENUZZI D. E BENUZZI M.\" \/>\n<meta property=\"og:description\" content=\"ZWISCHEN SEE UND BERGENWir befinden uns am\u00a0Gardasee im Trentino, ein so reiches und \u00fcppiges Land, dass wir nicht wissen, wo wir anfangen sollen, um Ihnen davon zu erz\u00e4hlen\u2026 hier kann man zahlreiche Sportarten aus\u00fcben, alte D\u00f6rfer, Schl\u00f6sser und die Ortschaften am See besuchen, Einkaufsbummel unternehmen und sich mit der ganzen Familie vergn\u00fcgen. Am Ende des [&hellip;]\" \/>\n<meta property=\"og:url\" content=\"https:\/\/www.agriturvineamor.com\/de\/das-gebiet\/\" \/>\n<meta property=\"og:site_name\" content=\"SOC. AGR. SEMPLICE TIAGO E NISSE DI BENUZZI D. E BENUZZI M.\" \/>\n<meta property=\"article:modified_time\" content=\"2023-11-13T16:26:11+00:00\" \/>\n<meta name=\"twitter:card\" content=\"summary_large_image\" \/>\n<meta name=\"twitter:label1\" content=\"Gesch\u00e4tzte Lesezeit\" \/>\n\t<meta name=\"twitter:data1\" content=\"2\u00a0Minuten\" \/>\n<script type=\"application\/ld+json\" class=\"yoast-schema-graph\">{\"@context\":\"https:\/\/schema.org\",\"@graph\":[{\"@type\":\"WebPage\",\"@id\":\"https:\/\/www.agriturvineamor.com\/de\/das-gebiet\/\",\"url\":\"https:\/\/www.agriturvineamor.com\/de\/das-gebiet\/\",\"name\":\"Umgebung - SOC. AGR. SEMPLICE TIAGO E NISSE DI BENUZZI D. E BENUZZI M.\",\"isPartOf\":{\"@id\":\"https:\/\/www.agriturvineamor.com\/#website\"},\"datePublished\":\"2023-05-18T08:13:07+00:00\",\"dateModified\":\"2023-11-13T16:26:11+00:00\",\"breadcrumb\":{\"@id\":\"https:\/\/www.agriturvineamor.com\/de\/das-gebiet\/#breadcrumb\"},\"inLanguage\":\"de\",\"potentialAction\":[{\"@type\":\"ReadAction\",\"target\":[\"https:\/\/www.agriturvineamor.com\/de\/das-gebiet\/\"]}]},{\"@type\":\"BreadcrumbList\",\"@id\":\"https:\/\/www.agriturvineamor.com\/de\/das-gebiet\/#breadcrumb\",\"itemListElement\":[{\"@type\":\"ListItem\",\"position\":1,\"name\":\"Home\",\"item\":\"https:\/\/www.agriturvineamor.com\/de\/\"},{\"@type\":\"ListItem\",\"position\":2,\"name\":\"Umgebung\"}]},{\"@type\":\"WebSite\",\"@id\":\"https:\/\/www.agriturvineamor.com\/#website\",\"url\":\"https:\/\/www.agriturvineamor.com\/\",\"name\":\"SOC. AGR. SEMPLICE TIAGO E NISSE DI BENUZZI D. E BENUZZI M.\",\"description\":\"\",\"potentialAction\":[{\"@type\":\"SearchAction\",\"target\":{\"@type\":\"EntryPoint\",\"urlTemplate\":\"https:\/\/www.agriturvineamor.com\/?s={search_term_string}\"},\"query-input\":\"required name=search_term_string\"}],\"inLanguage\":\"de\"}]}<\/script>\n<!-- \/ Yoast SEO plugin. -->","yoast_head_json":{"title":"Umgebung - SOC. AGR. SEMPLICE TIAGO E NISSE DI BENUZZI D. E BENUZZI M.","robots":{"index":"index","follow":"follow","max-snippet":"max-snippet:-1","max-image-preview":"max-image-preview:large","max-video-preview":"max-video-preview:-1"},"canonical":"https:\/\/www.agriturvineamor.com\/de\/das-gebiet\/","og_locale":"de_DE","og_type":"article","og_title":"Umgebung - SOC. AGR. SEMPLICE TIAGO E NISSE DI BENUZZI D. E BENUZZI M.","og_description":"ZWISCHEN SEE UND BERGENWir befinden uns am\u00a0Gardasee im Trentino, ein so reiches und \u00fcppiges Land, dass wir nicht wissen, wo wir anfangen sollen, um Ihnen davon zu erz\u00e4hlen\u2026 hier kann man zahlreiche Sportarten aus\u00fcben, alte D\u00f6rfer, Schl\u00f6sser und die Ortschaften am See besuchen, Einkaufsbummel unternehmen und sich mit der ganzen Familie vergn\u00fcgen. Am Ende des [&hellip;]","og_url":"https:\/\/www.agriturvineamor.com\/de\/das-gebiet\/","og_site_name":"SOC. AGR. SEMPLICE TIAGO E NISSE DI BENUZZI D. E BENUZZI M.","article_modified_time":"2023-11-13T16:26:11+00:00","twitter_card":"summary_large_image","twitter_misc":{"Gesch\u00e4tzte Lesezeit":"2\u00a0Minuten"},"schema":{"@context":"https:\/\/schema.org","@graph":[{"@type":"WebPage","@id":"https:\/\/www.agriturvineamor.com\/de\/das-gebiet\/","url":"https:\/\/www.agriturvineamor.com\/de\/das-gebiet\/","name":"Umgebung - SOC. AGR. SEMPLICE TIAGO E NISSE DI BENUZZI D. E BENUZZI M.","isPartOf":{"@id":"https:\/\/www.agriturvineamor.com\/#website"},"datePublished":"2023-05-18T08:13:07+00:00","dateModified":"2023-11-13T16:26:11+00:00","breadcrumb":{"@id":"https:\/\/www.agriturvineamor.com\/de\/das-gebiet\/#breadcrumb"},"inLanguage":"de","potentialAction":[{"@type":"ReadAction","target":["https:\/\/www.agriturvineamor.com\/de\/das-gebiet\/"]}]},{"@type":"BreadcrumbList","@id":"https:\/\/www.agriturvineamor.com\/de\/das-gebiet\/#breadcrumb","itemListElement":[{"@type":"ListItem","position":1,"name":"Home","item":"https:\/\/www.agriturvineamor.com\/de\/"},{"@type":"ListItem","position":2,"name":"Umgebung"}]},{"@type":"WebSite","@id":"https:\/\/www.agriturvineamor.com\/#website","url":"https:\/\/www.agriturvineamor.com\/","name":"SOC. AGR. SEMPLICE TIAGO E NISSE DI BENUZZI D. E BENUZZI M.","description":"","potentialAction":[{"@type":"SearchAction","target":{"@type":"EntryPoint","urlTemplate":"https:\/\/www.agriturvineamor.com\/?s={search_term_string}"},"query-input":"required name=search_term_string"}],"inLanguage":"de"}]}},"_links":{"self":[{"href":"https:\/\/www.agriturvineamor.com\/de\/wp-json\/wp\/v2\/pages\/619"}],"collection":[{"href":"https:\/\/www.agriturvineamor.com\/de\/wp-json\/wp\/v2\/pages"}],"about":[{"href":"https:\/\/www.agriturvineamor.com\/de\/wp-json\/wp\/v2\/types\/page"}],"author":[{"embeddable":true,"href":"https:\/\/www.agriturvineamor.com\/de\/wp-json\/wp\/v2\/users\/1"}],"replies":[{"embeddable":true,"href":"https:\/\/www.agriturvineamor.com\/de\/wp-json\/wp\/v2\/comments?post=619"}],"version-history":[{"count":3,"href":"https:\/\/www.agriturvineamor.com\/de\/wp-json\/wp\/v2\/pages\/619\/revisions"}],"predecessor-version":[{"id":827,"href":"https:\/\/www.agriturvineamor.com\/de\/wp-json\/wp\/v2\/pages\/619\/revisions\/827"}],"wp:attachment":[{"href":"https:\/\/www.agriturvineamor.com\/de\/wp-json\/wp\/v2\/media?parent=619"}],"curies":[{"name":"wp","href":"https:\/\/api.w.org\/{rel}","templated":true}]}}