{"id":599,"date":"2023-05-18T10:12:13","date_gmt":"2023-05-18T08:12:13","guid":{"rendered":"https:\/\/www.agriturvineamor.com\/agriturismo-degustazione-vini-taglieri-lago-di-garda\/"},"modified":"2024-03-13T16:47:08","modified_gmt":"2024-03-13T15:47:08","slug":"verkostungen-wein-gardasee","status":"publish","type":"page","link":"https:\/\/www.agriturvineamor.com\/de\/verkostungen-wein-gardasee\/","title":{"rendered":"Verkostungen"},"content":{"rendered":"<p>[et_pb_section fb_built=&#8220;1&#8243; _builder_version=&#8220;4.22.1&#8243; _module_preset=&#8220;default&#8220; use_background_color_gradient=&#8220;on&#8220; background_color_gradient_stops=&#8220;rgba(0,0,0,0.41) 0%|rgba(0,0,0,0.39) 98%&#8220; background_color_gradient_overlays_image=&#8220;on&#8220; background_image=&#8220;https:\/\/www.agriturvineamor.com\/wp-content\/uploads\/2023\/05\/wine-vino-taste-agritur-vin-e-amor-dro-1024&#215;683-1.jpg&#8220; custom_padding=&#8220;350px||50px||false|false&#8220; global_colors_info=&#8220;{}&#8220;][et_pb_row _builder_version=&#8220;4.21.0&#8243; _module_preset=&#8220;default&#8220; max_width=&#8220;1440px&#8220; locked=&#8220;off&#8220; global_colors_info=&#8220;{}&#8220;][et_pb_column type=&#8220;4_4&#8243; _builder_version=&#8220;4.21.0&#8243; _module_preset=&#8220;default&#8220; global_colors_info=&#8220;{}&#8220;][et_pb_text _builder_version=&#8220;4.23.1&#8243; _dynamic_attributes=&#8220;content&#8220; _module_preset=&#8220;default&#8220; header_font=&#8220;Baloo Da 2|700|||||||&#8220; header_text_align=&#8220;center&#8220; header_text_color=&#8220;#FFFFFF&#8220; header_font_size=&#8220;50px&#8220; header_font_size_tablet=&#8220;40px&#8220; header_font_size_phone=&#8220;35px&#8220; header_font_size_last_edited=&#8220;on|phone&#8220; global_colors_info=&#8220;{}&#8220;]@ET-DC@eyJkeW5hbWljIjp0cnVlLCJjb250ZW50IjoicG9zdF90aXRsZSIsInNldHRpbmdzIjp7ImJlZm9yZSI6IjxoMT4iLCJhZnRlciI6IjxoMT4ifX0=@[\/et_pb_text][\/et_pb_column][\/et_pb_row][\/et_pb_section][et_pb_section fb_built=&#8220;1&#8243; _builder_version=&#8220;4.21.0&#8243; _module_preset=&#8220;default&#8220; global_colors_info=&#8220;{}&#8220;][et_pb_row _builder_version=&#8220;4.21.0&#8243; _module_preset=&#8220;default&#8220; width=&#8220;90%&#8220; max_width=&#8220;1440px&#8220; global_colors_info=&#8220;{}&#8220;][et_pb_column type=&#8220;4_4&#8243; _builder_version=&#8220;4.21.0&#8243; _module_preset=&#8220;default&#8220; global_colors_info=&#8220;{}&#8220;][et_pb_text _builder_version=&#8220;4.23.1&#8243; _module_preset=&#8220;default&#8220; header_font=&#8220;Baloo Da 2|700|||||||&#8220; header_text_color=&#8220;#a55d87&#8243; header_font_size=&#8220;35px&#8220; header_2_font=&#8220;Baloo Da 2|700|||||||&#8220; header_2_text_color=&#8220;#a55d87&#8243; header_2_font_size=&#8220;35px&#8220; global_colors_info=&#8220;{}&#8220;]<\/p>\n<h2>\u201eWEIN MACHT DAS HERZ BEREIT UND F\u00dcR DIE GLUT DER LEIDENSCHAFT EMPF\u00c4NGLICH\u201d \u2013 OVID<\/h2>\n<p>[\/et_pb_text][\/et_pb_column][\/et_pb_row][et_pb_row column_structure=&#8220;1_2,1_2&#8243; _builder_version=&#8220;4.21.0&#8243; _module_preset=&#8220;default&#8220; width=&#8220;90%&#8220; max_width=&#8220;1440px&#8220; global_colors_info=&#8220;{}&#8220;][et_pb_column type=&#8220;1_2&#8243; _builder_version=&#8220;4.21.0&#8243; _module_preset=&#8220;default&#8220; global_colors_info=&#8220;{}&#8220;][et_pb_blurb title=&#8220;Vin e Amor, \u201eein Name, ein Programm!\u201d&#8220; alt=&#8220;Agriturismo con degustazione vini e taglieri Lago di Garda &#8220; content_max_width=&#8220;100%&#8220; _builder_version=&#8220;4.23.1&#8243; _module_preset=&#8220;default&#8220; header_font=&#8220;Baloo Da 2|700|||||||&#8220; header_text_color=&#8220;#a55d87&#8243; header_font_size=&#8220;30px&#8220; body_font=&#8220;Montserrat||||||||&#8220; body_text_color=&#8220;#1c1c1c&#8220; body_font_size=&#8220;18px&#8220; hover_enabled=&#8220;0&#8243; global_colors_info=&#8220;{}&#8220; sticky_enabled=&#8220;0&#8243;]<\/p>\n<p>Mit Leidenschaft kultivieren wir die gro\u00dfen Weinberge des Sarcatals und unsere Absicht besteht darin, Ihnen durch die Verkostung der edelsten Weine dieses Gebietes die Liebes zu vermitteln, die wir in unsere T\u00e4tigkeit als Weinbauer legen.<\/p>\n<p>Bei einem Glas Wein und einem Teller mit typischen Produkten werden Sie die Aromen des Trentino zu sch\u00e4tzen wissen und sich von ihrer Geschichte und den Besonderheiten bezaubern lassen.<\/p>\n<p>[\/et_pb_blurb][\/et_pb_column][et_pb_column type=&#8220;1_2&#8243; _builder_version=&#8220;4.21.0&#8243; _module_preset=&#8220;default&#8220; global_colors_info=&#8220;{}&#8220;][et_pb_blurb title=&#8220;Der Saal Der Guten Laune&#8220; alt=&#8220;Agriturismo con degustazione vini e taglieri Lago di Garda &#8220; content_max_width=&#8220;100%&#8220; _builder_version=&#8220;4.23.1&#8243; _module_preset=&#8220;default&#8220; header_font=&#8220;Baloo Da 2|700|||||||&#8220; header_text_color=&#8220;#a55d87&#8243; header_font_size=&#8220;30px&#8220; body_font=&#8220;Montserrat||||||||&#8220; body_text_color=&#8220;#1c1c1c&#8220; body_font_size=&#8220;18px&#8220; custom_margin=&#8220;||22px|||&#8220; hover_enabled=&#8220;0&#8243; locked=&#8220;off&#8220; global_colors_info=&#8220;{}&#8220; sticky_enabled=&#8220;0&#8243;]<\/p>\n<p>Der Saal der Guten Laune begr\u00fc\u00dft Sie f\u00fcr einen einfachen Aperitif oder eine reichhaltige kalte Platte und bietet Ihnen sorglose Momente im Zeichen der Entspannung und des guten Essens.<\/p>\n<p>[\/et_pb_blurb][et_pb_blurb title=&#8220;Weinproben&#8220; alt=&#8220;Agriturismo con degustazione vini e taglieri Lago di Garda &#8220; content_max_width=&#8220;100%&#8220; _builder_version=&#8220;4.23.1&#8243; _module_preset=&#8220;default&#8220; header_font=&#8220;Baloo Da 2|700|||||||&#8220; header_text_color=&#8220;#a55d87&#8243; header_font_size=&#8220;30px&#8220; body_font=&#8220;Montserrat||||||||&#8220; body_text_color=&#8220;#1c1c1c&#8220; body_font_size=&#8220;18px&#8220; hover_enabled=&#8220;0&#8243; locked=&#8220;off&#8220; global_colors_info=&#8220;{}&#8220; sticky_enabled=&#8220;0&#8243;]<\/p>\n<p>Jeden Tag vom 14.00 bis 20.00 Uhr auf Anfrage.<\/p>\n<p>[\/et_pb_blurb][\/et_pb_column][\/et_pb_row][et_pb_row _builder_version=&#8220;4.21.0&#8243; _module_preset=&#8220;default&#8220; width=&#8220;90%&#8220; max_width=&#8220;1440px&#8220; global_colors_info=&#8220;{}&#8220;][et_pb_column type=&#8220;4_4&#8243; _builder_version=&#8220;4.21.0&#8243; _module_preset=&#8220;default&#8220; global_colors_info=&#8220;{}&#8220;][et_pb_image src=&#8220;https:\/\/www.agriturvineamor.com\/wp-content\/uploads\/2023\/05\/vin-amor-dro-agritur-grapes-150&#215;150-1.png&#8220; alt=&#8220;Verkostungen wein gardasee &#8220; title_text=&#8220;Verkostungen wein gardasee &#8220; align=&#8220;center&#8220; _builder_version=&#8220;4.23.1&#8243; _module_preset=&#8220;default&#8220; hover_enabled=&#8220;0&#8243; global_colors_info=&#8220;{}&#8220; sticky_enabled=&#8220;0&#8243;][\/et_pb_image][et_pb_blurb title=&#8220;Photo Gallery&#8220; content_max_width=&#8220;100%&#8220; _builder_version=&#8220;4.23.1&#8243; _module_preset=&#8220;default&#8220; header_font=&#8220;Baloo Da 2|700|||||||&#8220; header_text_align=&#8220;center&#8220; header_text_color=&#8220;#a55d87&#8243; header_font_size=&#8220;30px&#8220; body_font=&#8220;Montserrat||||||||&#8220; body_text_color=&#8220;#1c1c1c&#8220; body_font_size=&#8220;18px&#8220; hover_enabled=&#8220;0&#8243; locked=&#8220;off&#8220; global_colors_info=&#8220;{}&#8220; sticky_enabled=&#8220;0&#8243;]<\/p>\n<h4>&nbsp;<\/h4>\n<div class=\"wpb_column vc_column_container vc_col-sm-6\">\n<div class=\"vc_column-inner\">\n<div class=\"wpb_wrapper\">\n<div class=\"wpb_text_column wpb_content_element  post-formatting \">\n<div class=\"wpb_wrapper\">\n<p>&nbsp;<\/p>\n<\/div>\n<\/div>\n<\/div>\n<\/div>\n<\/div>\n<p>[\/et_pb_blurb][\/et_pb_column][\/et_pb_row][et_pb_row use_custom_gutter=&#8220;on&#8220; gutter_width=&#8220;1&#8243; _builder_version=&#8220;4.21.0&#8243; _module_preset=&#8220;default&#8220; width=&#8220;100%&#8220; max_width=&#8220;100%&#8220; global_colors_info=&#8220;{}&#8220;][et_pb_column type=&#8220;4_4&#8243; _builder_version=&#8220;4.21.0&#8243; _module_preset=&#8220;default&#8220; global_colors_info=&#8220;{}&#8220;][et_pb_gallery gallery_ids=&#8220;269,270,271,272,273,274,275,276&#8243; posts_number=&#8220;8&#8243; show_title_and_caption=&#8220;off&#8220; show_pagination=&#8220;off&#8220; _builder_version=&#8220;4.22.1&#8243; _module_preset=&#8220;default&#8220; global_colors_info=&#8220;{}&#8220;][\/et_pb_gallery][\/et_pb_column][\/et_pb_row][\/et_pb_section]<\/p>\n","protected":false},"excerpt":{"rendered":"<p>\u201eWEIN MACHT DAS HERZ BEREIT UND F\u00dcR DIE GLUT DER LEIDENSCHAFT EMPF\u00c4NGLICH\u201d \u2013 OVIDMit Leidenschaft kultivieren wir die gro\u00dfen Weinberge des Sarcatals und unsere Absicht besteht darin, Ihnen durch die Verkostung der edelsten Weine dieses Gebietes die Liebes zu vermitteln, die wir in unsere T\u00e4tigkeit als Weinbauer legen. Bei einem Glas Wein und einem Teller [&hellip;]<\/p>\n","protected":false},"author":1,"featured_media":0,"parent":0,"menu_order":0,"comment_status":"closed","ping_status":"closed","template":"","meta":{"_et_pb_use_builder":"on","_et_pb_old_content":"","_et_gb_content_width":"","ngg_post_thumbnail":0,"footnotes":""},"yoast_head":"<!-- This site is optimized with the Yoast SEO plugin v21.5 - https:\/\/yoast.com\/wordpress\/plugins\/seo\/ -->\n<title>Verkostungen wein gardasee - SOC. AGR. SEMPLICE TIAGO E NISSE DI BENUZZI D. E BENUZZI M.<\/title>\n<meta name=\"description\" content=\"Unser Bauernhaus bietet ausgezeichnete Weinproben und Platten an. Besuchen Sie die Website, um weitere Informationen zu erhalten.\" \/>\n<meta name=\"robots\" content=\"index, follow, max-snippet:-1, max-image-preview:large, max-video-preview:-1\" \/>\n<link rel=\"canonical\" href=\"https:\/\/www.agriturvineamor.com\/de\/verkostungen-wein-gardasee\/\" \/>\n<meta property=\"og:locale\" content=\"de_DE\" \/>\n<meta property=\"og:type\" content=\"article\" \/>\n<meta property=\"og:title\" content=\"Verkostungen wein gardasee - SOC. AGR. SEMPLICE TIAGO E NISSE DI BENUZZI D. E BENUZZI M.\" \/>\n<meta property=\"og:description\" content=\"Unser Bauernhaus bietet ausgezeichnete Weinproben und Platten an. Besuchen Sie die Website, um weitere Informationen zu erhalten.\" \/>\n<meta property=\"og:url\" content=\"https:\/\/www.agriturvineamor.com\/de\/verkostungen-wein-gardasee\/\" \/>\n<meta property=\"og:site_name\" content=\"SOC. AGR. SEMPLICE TIAGO E NISSE DI BENUZZI D. E BENUZZI M.\" \/>\n<meta property=\"article:modified_time\" content=\"2024-03-13T15:47:08+00:00\" \/>\n<meta name=\"twitter:card\" content=\"summary_large_image\" \/>\n<meta name=\"twitter:label1\" content=\"Gesch\u00e4tzte Lesezeit\" \/>\n\t<meta name=\"twitter:data1\" content=\"2\u00a0Minuten\" \/>\n<script type=\"application\/ld+json\" class=\"yoast-schema-graph\">{\"@context\":\"https:\/\/schema.org\",\"@graph\":[{\"@type\":\"WebPage\",\"@id\":\"https:\/\/www.agriturvineamor.com\/de\/verkostungen-wein-gardasee\/\",\"url\":\"https:\/\/www.agriturvineamor.com\/de\/verkostungen-wein-gardasee\/\",\"name\":\"Verkostungen wein gardasee - SOC. AGR. SEMPLICE TIAGO E NISSE DI BENUZZI D. E BENUZZI M.\",\"isPartOf\":{\"@id\":\"https:\/\/www.agriturvineamor.com\/#website\"},\"datePublished\":\"2023-05-18T08:12:13+00:00\",\"dateModified\":\"2024-03-13T15:47:08+00:00\",\"description\":\"Unser Bauernhaus bietet ausgezeichnete Weinproben und Platten an. Besuchen Sie die Website, um weitere Informationen zu erhalten.\",\"breadcrumb\":{\"@id\":\"https:\/\/www.agriturvineamor.com\/de\/verkostungen-wein-gardasee\/#breadcrumb\"},\"inLanguage\":\"de\",\"potentialAction\":[{\"@type\":\"ReadAction\",\"target\":[\"https:\/\/www.agriturvineamor.com\/de\/verkostungen-wein-gardasee\/\"]}]},{\"@type\":\"BreadcrumbList\",\"@id\":\"https:\/\/www.agriturvineamor.com\/de\/verkostungen-wein-gardasee\/#breadcrumb\",\"itemListElement\":[{\"@type\":\"ListItem\",\"position\":1,\"name\":\"Home\",\"item\":\"https:\/\/www.agriturvineamor.com\/de\/\"},{\"@type\":\"ListItem\",\"position\":2,\"name\":\"Verkostungen\"}]},{\"@type\":\"WebSite\",\"@id\":\"https:\/\/www.agriturvineamor.com\/#website\",\"url\":\"https:\/\/www.agriturvineamor.com\/\",\"name\":\"SOC. AGR. SEMPLICE TIAGO E NISSE DI BENUZZI D. E BENUZZI M.\",\"description\":\"\",\"potentialAction\":[{\"@type\":\"SearchAction\",\"target\":{\"@type\":\"EntryPoint\",\"urlTemplate\":\"https:\/\/www.agriturvineamor.com\/?s={search_term_string}\"},\"query-input\":\"required name=search_term_string\"}],\"inLanguage\":\"de\"}]}<\/script>\n<!-- \/ Yoast SEO plugin. -->","yoast_head_json":{"title":"Verkostungen wein gardasee - SOC. AGR. SEMPLICE TIAGO E NISSE DI BENUZZI D. E BENUZZI M.","description":"Unser Bauernhaus bietet ausgezeichnete Weinproben und Platten an. Besuchen Sie die Website, um weitere Informationen zu erhalten.","robots":{"index":"index","follow":"follow","max-snippet":"max-snippet:-1","max-image-preview":"max-image-preview:large","max-video-preview":"max-video-preview:-1"},"canonical":"https:\/\/www.agriturvineamor.com\/de\/verkostungen-wein-gardasee\/","og_locale":"de_DE","og_type":"article","og_title":"Verkostungen wein gardasee - SOC. AGR. SEMPLICE TIAGO E NISSE DI BENUZZI D. E BENUZZI M.","og_description":"Unser Bauernhaus bietet ausgezeichnete Weinproben und Platten an. Besuchen Sie die Website, um weitere Informationen zu erhalten.","og_url":"https:\/\/www.agriturvineamor.com\/de\/verkostungen-wein-gardasee\/","og_site_name":"SOC. AGR. SEMPLICE TIAGO E NISSE DI BENUZZI D. E BENUZZI M.","article_modified_time":"2024-03-13T15:47:08+00:00","twitter_card":"summary_large_image","twitter_misc":{"Gesch\u00e4tzte Lesezeit":"2\u00a0Minuten"},"schema":{"@context":"https:\/\/schema.org","@graph":[{"@type":"WebPage","@id":"https:\/\/www.agriturvineamor.com\/de\/verkostungen-wein-gardasee\/","url":"https:\/\/www.agriturvineamor.com\/de\/verkostungen-wein-gardasee\/","name":"Verkostungen wein gardasee - SOC. AGR. SEMPLICE TIAGO E NISSE DI BENUZZI D. E BENUZZI M.","isPartOf":{"@id":"https:\/\/www.agriturvineamor.com\/#website"},"datePublished":"2023-05-18T08:12:13+00:00","dateModified":"2024-03-13T15:47:08+00:00","description":"Unser Bauernhaus bietet ausgezeichnete Weinproben und Platten an. Besuchen Sie die Website, um weitere Informationen zu erhalten.","breadcrumb":{"@id":"https:\/\/www.agriturvineamor.com\/de\/verkostungen-wein-gardasee\/#breadcrumb"},"inLanguage":"de","potentialAction":[{"@type":"ReadAction","target":["https:\/\/www.agriturvineamor.com\/de\/verkostungen-wein-gardasee\/"]}]},{"@type":"BreadcrumbList","@id":"https:\/\/www.agriturvineamor.com\/de\/verkostungen-wein-gardasee\/#breadcrumb","itemListElement":[{"@type":"ListItem","position":1,"name":"Home","item":"https:\/\/www.agriturvineamor.com\/de\/"},{"@type":"ListItem","position":2,"name":"Verkostungen"}]},{"@type":"WebSite","@id":"https:\/\/www.agriturvineamor.com\/#website","url":"https:\/\/www.agriturvineamor.com\/","name":"SOC. AGR. SEMPLICE TIAGO E NISSE DI BENUZZI D. E BENUZZI M.","description":"","potentialAction":[{"@type":"SearchAction","target":{"@type":"EntryPoint","urlTemplate":"https:\/\/www.agriturvineamor.com\/?s={search_term_string}"},"query-input":"required name=search_term_string"}],"inLanguage":"de"}]}},"_links":{"self":[{"href":"https:\/\/www.agriturvineamor.com\/de\/wp-json\/wp\/v2\/pages\/599"}],"collection":[{"href":"https:\/\/www.agriturvineamor.com\/de\/wp-json\/wp\/v2\/pages"}],"about":[{"href":"https:\/\/www.agriturvineamor.com\/de\/wp-json\/wp\/v2\/types\/page"}],"author":[{"embeddable":true,"href":"https:\/\/www.agriturvineamor.com\/de\/wp-json\/wp\/v2\/users\/1"}],"replies":[{"embeddable":true,"href":"https:\/\/www.agriturvineamor.com\/de\/wp-json\/wp\/v2\/comments?post=599"}],"version-history":[{"count":5,"href":"https:\/\/www.agriturvineamor.com\/de\/wp-json\/wp\/v2\/pages\/599\/revisions"}],"predecessor-version":[{"id":991,"href":"https:\/\/www.agriturvineamor.com\/de\/wp-json\/wp\/v2\/pages\/599\/revisions\/991"}],"wp:attachment":[{"href":"https:\/\/www.agriturvineamor.com\/de\/wp-json\/wp\/v2\/media?parent=599"}],"curies":[{"name":"wp","href":"https:\/\/api.w.org\/{rel}","templated":true}]}}