{"id":594,"date":"2023-05-18T10:13:55","date_gmt":"2023-05-18T08:13:55","guid":{"rendered":"https:\/\/www.agriturvineamor.com\/contatti\/"},"modified":"2023-11-13T17:37:05","modified_gmt":"2023-11-13T16:37:05","slug":"kontakt","status":"publish","type":"page","link":"https:\/\/www.agriturvineamor.com\/de\/kontakt\/","title":{"rendered":"Kontakt"},"content":{"rendered":"<p>[et_pb_section fb_built=&#8220;1&#8243; _builder_version=&#8220;4.21.0&#8243; _module_preset=&#8220;default&#8220; use_background_color_gradient=&#8220;on&#8220; background_color_gradient_stops=&#8220;rgba(0,0,0,0.5) 0%|rgba(0,0,0,0.48) 100%&#8220; background_color_gradient_overlays_image=&#8220;on&#8220; background_image=&#8220;https:\/\/www.agriturvineamor.com\/wp-content\/uploads\/2023\/05\/location-agritur-vineamor.jpg&#8220; custom_padding=&#8220;400px||50px||false|false&#8220; global_colors_info=&#8220;{}&#8220;][et_pb_row _builder_version=&#8220;4.21.0&#8243; _module_preset=&#8220;default&#8220; width=&#8220;90%&#8220; max_width=&#8220;1440px&#8220; locked=&#8220;off&#8220; global_colors_info=&#8220;{}&#8220;][et_pb_column type=&#8220;4_4&#8243; _builder_version=&#8220;4.21.0&#8243; _module_preset=&#8220;default&#8220; global_colors_info=&#8220;{}&#8220;][et_pb_text _builder_version=&#8220;4.22.1&#8243; _dynamic_attributes=&#8220;content&#8220; _module_preset=&#8220;default&#8220; header_font=&#8220;Baloo Da 2|700|||||||&#8220; header_text_align=&#8220;center&#8220; header_text_color=&#8220;#FFFFFF&#8220; header_font_size=&#8220;55px&#8220; header_font_size_tablet=&#8220;40px&#8220; header_font_size_phone=&#8220;35px&#8220; header_font_size_last_edited=&#8220;on|phone&#8220; header_text_shadow_style=&#8220;preset1&#8243; global_colors_info=&#8220;{}&#8220;]@ET-DC@eyJkeW5hbWljIjp0cnVlLCJjb250ZW50IjoicG9zdF90aXRsZSIsInNldHRpbmdzIjp7ImJlZm9yZSI6IjxoMT4iLCJhZnRlciI6IjxoMT4ifX0=@[\/et_pb_text][\/et_pb_column][\/et_pb_row][\/et_pb_section][et_pb_section fb_built=&#8220;1&#8243; _builder_version=&#8220;4.21.0&#8243; _module_preset=&#8220;default&#8220; global_colors_info=&#8220;{}&#8220;][et_pb_row _builder_version=&#8220;4.21.0&#8243; _module_preset=&#8220;default&#8220; max_width=&#8220;1440px&#8220; locked=&#8220;off&#8220; global_colors_info=&#8220;{}&#8220;][et_pb_column type=&#8220;4_4&#8243; _builder_version=&#8220;4.21.0&#8243; _module_preset=&#8220;default&#8220; global_colors_info=&#8220;{}&#8220;][et_pb_text _builder_version=&#8220;4.23.1&#8243; _module_preset=&#8220;default&#8220; header_font=&#8220;Baloo Da 2|700|||||||&#8220; header_text_align=&#8220;center&#8220; header_text_color=&#8220;#1c1c1c&#8220; header_font_size=&#8220;40px&#8220; header_2_font=&#8220;Baloo Da 2|700|||||||&#8220; header_2_text_align=&#8220;center&#8220; header_2_text_color=&#8220;#1c1c1c&#8220; header_2_font_size=&#8220;40px&#8220; hover_enabled=&#8220;0&#8243; header_font_size_tablet=&#8220;30px&#8220; header_font_size_phone=&#8220;25px&#8220; header_font_size_last_edited=&#8220;on|phone&#8220; header_2_font_size_tablet=&#8220;30px&#8220; header_2_font_size_phone=&#8220;25px&#8220; header_2_font_size_last_edited=&#8220;on|phone&#8220; global_colors_info=&#8220;{}&#8220; sticky_enabled=&#8220;0&#8243;]<\/p>\n<h2>INMITTEN DER NATUR VON SARCATAL<\/h2>\n<p>[\/et_pb_text][\/et_pb_column][\/et_pb_row][et_pb_row column_structure=&#8220;1_2,1_2&#8243; _builder_version=&#8220;4.21.0&#8243; _module_preset=&#8220;default&#8220; max_width=&#8220;1440px&#8220; locked=&#8220;off&#8220; global_colors_info=&#8220;{}&#8220;][et_pb_column type=&#8220;1_2&#8243; _builder_version=&#8220;4.21.0&#8243; _module_preset=&#8220;default&#8220; global_colors_info=&#8220;{}&#8220;][et_pb_text _builder_version=&#8220;4.23.1&#8243; _module_preset=&#8220;default&#8220; text_font=&#8220;Montserrat||||||||&#8220; text_text_color=&#8220;#1c1c1c&#8220; text_font_size=&#8220;18px&#8220; header_font=&#8220;Baloo Da 2|700|||||||&#8220; header_text_color=&#8220;#a55d87&#8243; hover_enabled=&#8220;0&#8243; global_colors_info=&#8220;{}&#8220; sticky_enabled=&#8220;0&#8243;]<\/p>\n<p><strong>Der Agrotourismus Vin e Amor befindet sich in Dro<\/strong>, in einer ruhigen Lage nur 10 Kilometer von Riva del Garda und 1 km vom Stadtzentrum entfernt.<\/p>\n<p>Diejenigen, die Dro f\u00fcr ihren Urlaub am Gardasee w\u00e4hlen, genie\u00dfen<span>\u00a0<\/span><strong>die Ruhe der Landschaft und die N\u00e4he zum See und zu den Str\u00e4nden<\/strong>, die nur 10 Kilometer entfernt sind.<\/p>\n<p>[\/et_pb_text][\/et_pb_column][et_pb_column type=&#8220;1_2&#8243; _builder_version=&#8220;4.21.0&#8243; _module_preset=&#8220;default&#8220; global_colors_info=&#8220;{}&#8220;][et_pb_text _builder_version=&#8220;4.23.1&#8243; _module_preset=&#8220;default&#8220; text_font=&#8220;Montserrat||||||||&#8220; text_text_color=&#8220;#1c1c1c&#8220; text_font_size=&#8220;18px&#8220; hover_enabled=&#8220;0&#8243; global_colors_info=&#8220;{}&#8220; sticky_enabled=&#8220;0&#8243;]<\/p>\n<p>Wir befinden uns im Zentrum des europaweit beliebtesten Sportgebietes unter freiem Himmel: Radwege, Wander- und Mountainbike-Routen und Klippen zum Klettern sind gleich um die Ecke.<\/p>\n<p>In unmittelbarer N\u00e4he stehen folgende Dienstleistungen zur Verf\u00fcgung: Lebensmittelgesch\u00e4fte, Apotheke, Bushaltestelle, B\u00e4ckerei, W\u00e4scherei, Restaurant, Eisdiele.<\/p>\n<p>Strand 10 km \u2013 Outdoor und Radwege 0 km \u2013 Trient 30 km<\/p>\n<p>[\/et_pb_text][\/et_pb_column][\/et_pb_row][et_pb_row _builder_version=&#8220;4.21.0&#8243; _module_preset=&#8220;default&#8220; width=&#8220;90%&#8220; max_width=&#8220;1440px&#8220; locked=&#8220;off&#8220; global_colors_info=&#8220;{}&#8220;][et_pb_column type=&#8220;4_4&#8243; _builder_version=&#8220;4.21.0&#8243; _module_preset=&#8220;default&#8220; global_colors_info=&#8220;{}&#8220;][et_pb_image src=&#8220;https:\/\/www.agriturvineamor.com\/wp-content\/uploads\/2023\/05\/vin-amor-dro-agritur-grapes-150&#215;150-1.png&#8220; title_text=&#8220;vin-amor-dro-agritur-grapes-150&#215;150&#8243; align=&#8220;center&#8220; _builder_version=&#8220;4.21.0&#8243; _module_preset=&#8220;default&#8220; global_colors_info=&#8220;{}&#8220;][\/et_pb_image][et_pb_blurb title=&#8220;So erreichen Sie uns&#8220; content_max_width=&#8220;100%&#8220; _builder_version=&#8220;4.23.1&#8243; _module_preset=&#8220;default&#8220; header_font=&#8220;Baloo Da 2|700|||||||&#8220; header_text_align=&#8220;center&#8220; header_text_color=&#8220;#a55d87&#8243; header_font_size=&#8220;30px&#8220; body_font=&#8220;Montserrat||||||||&#8220; body_text_color=&#8220;#1c1c1c&#8220; body_font_size=&#8220;18px&#8220; hover_enabled=&#8220;0&#8243; locked=&#8220;off&#8220; global_colors_info=&#8220;{}&#8220; sticky_enabled=&#8220;0&#8243;][\/et_pb_blurb][\/et_pb_column][\/et_pb_row][et_pb_row column_structure=&#8220;1_2,1_2&#8243; _builder_version=&#8220;4.21.0&#8243; _module_preset=&#8220;default&#8220; width=&#8220;90%&#8220; max_width=&#8220;1440px&#8220; locked=&#8220;off&#8220; global_colors_info=&#8220;{}&#8220;][et_pb_column type=&#8220;1_2&#8243; _builder_version=&#8220;4.21.0&#8243; _module_preset=&#8220;default&#8220; global_colors_info=&#8220;{}&#8220;][et_pb_blurb title=&#8220;Mit dem Auto&#8220; use_icon=&#8220;on&#8220; font_icon=&#8220;&#xf1b9;||fa||900&#8243; icon_color=&#8220;#FFFFFF&#8220; image_icon_background_color=&#8220;#a55d87&#8243; icon_placement=&#8220;left&#8220; content_max_width=&#8220;100%&#8220; _builder_version=&#8220;4.23.1&#8243; _module_preset=&#8220;default&#8220; header_font=&#8220;Baloo Da 2|700|||||||&#8220; header_text_color=&#8220;#a55d87&#8243; header_font_size=&#8220;30px&#8220; body_font=&#8220;Montserrat||||||||&#8220; body_text_color=&#8220;#1c1c1c&#8220; body_font_size=&#8220;18px&#8220; image_icon_custom_padding=&#8220;10px|10px|10px|10px|true|true&#8220; hover_enabled=&#8220;0&#8243; border_radii_image=&#8220;on|50px|50px|50px|50px&#8220; global_colors_info=&#8220;{}&#8220; sticky_enabled=&#8220;0&#8243;]<\/p>\n<p><span>Von Riva aus folgen Sie der Beschilderung nach \u201eDro\/Trient\u201d. Folgen Sie weiterhin der SS45BIS, biegen Sie zum Dorf Ceniga ab und fahren Sie noch 1 km weiter. Sie finden uns an der rechten Stra\u00dfenseite. Wenn Sie von Trient anreisen, durchqueren Sie das Dorf Dro und fahren Sie aus dem Dorf raus; Sie finden uns an der linken Seite.<\/span><\/p>\n<p>[\/et_pb_blurb][et_pb_blurb title=&#8220;Mit dem Bus&#8220; use_icon=&#8220;on&#8220; font_icon=&#8220;&#xf207;||fa||900&#8243; icon_color=&#8220;#FFFFFF&#8220; image_icon_background_color=&#8220;#a55d87&#8243; icon_placement=&#8220;left&#8220; content_max_width=&#8220;100%&#8220; _builder_version=&#8220;4.23.1&#8243; _module_preset=&#8220;default&#8220; header_font=&#8220;Baloo Da 2|700|||||||&#8220; header_text_color=&#8220;#a55d87&#8243; header_font_size=&#8220;30px&#8220; body_font=&#8220;Montserrat||||||||&#8220; body_text_color=&#8220;#1c1c1c&#8220; body_font_size=&#8220;18px&#8220; image_icon_custom_padding=&#8220;10px|10px|10px|10px|true|true&#8220; hover_enabled=&#8220;0&#8243; border_radii_image=&#8220;on|50px|50px|50px|50px&#8220; global_colors_info=&#8220;{}&#8220; sticky_enabled=&#8220;0&#8243;]<\/p>\n<p><span>Die Bushaltestelle liegt nur wenige Meter vom Agrotourismus Vin e Amor. Dro ist durch die Linien der Gesellschaft Trentino Trasporti mit Trient, Arco, Riva del Garda, Torbole und Rovereto verbunden.<\/span><\/p>\n<p>[\/et_pb_blurb][\/et_pb_column][et_pb_column type=&#8220;1_2&#8243; _builder_version=&#8220;4.21.0&#8243; _module_preset=&#8220;default&#8220; global_colors_info=&#8220;{}&#8220;][et_pb_blurb title=&#8220;Mit dem Zug&#8220; use_icon=&#8220;on&#8220; font_icon=&#8220;&#xf238;||fa||900&#8243; icon_color=&#8220;#FFFFFF&#8220; image_icon_background_color=&#8220;#a55d87&#8243; icon_placement=&#8220;left&#8220; content_max_width=&#8220;100%&#8220; _builder_version=&#8220;4.23.1&#8243; _module_preset=&#8220;default&#8220; header_font=&#8220;Baloo Da 2|700|||||||&#8220; header_text_color=&#8220;#a55d87&#8243; header_font_size=&#8220;30px&#8220; body_font=&#8220;Montserrat||||||||&#8220; body_text_color=&#8220;#1c1c1c&#8220; body_font_size=&#8220;18px&#8220; image_icon_custom_padding=&#8220;10px|10px|10px|10px|true|true&#8220; hover_enabled=&#8220;0&#8243; border_radii_image=&#8220;on|50px|50px|50px|50px&#8220; locked=&#8220;off&#8220; global_colors_info=&#8220;{}&#8220; sticky_enabled=&#8220;0&#8243;]<\/p>\n<p><span>Der n\u00e4chstgelegene Bahnhof ist der von Trient (30 km) oder Rovereto (28 km). In beiden F\u00e4llen k\u00f6nnen Sie den Agrotourismus mit den \u00f6ffentlichen Verkehrsmitteln, Bus oder Taxi, die von den Bahnh\u00f6fen abfahren, erreichen.<\/span><\/p>\n<p>[\/et_pb_blurb][et_pb_blurb title=&#8220;Mit dem Flugzeug&#8220; use_icon=&#8220;on&#8220; font_icon=&#8220;&#xf072;||fa||900&#8243; icon_color=&#8220;#FFFFFF&#8220; image_icon_background_color=&#8220;#a55d87&#8243; icon_placement=&#8220;left&#8220; content_max_width=&#8220;100%&#8220; _builder_version=&#8220;4.23.1&#8243; _module_preset=&#8220;default&#8220; header_font=&#8220;Baloo Da 2|700|||||||&#8220; header_text_color=&#8220;#a55d87&#8243; header_font_size=&#8220;30px&#8220; body_font=&#8220;Montserrat||||||||&#8220; body_text_color=&#8220;#1c1c1c&#8220; body_font_size=&#8220;18px&#8220; image_icon_custom_padding=&#8220;10px|10px|10px|10px|true|true&#8220; hover_enabled=&#8220;0&#8243; border_radii_image=&#8220;on|50px|50px|50px|50px&#8220; locked=&#8220;off&#8220; global_colors_info=&#8220;{}&#8220; sticky_enabled=&#8220;0&#8243;]<\/p>\n<p><span>Die n\u00e4chstgelegenen Flugh\u00e4fen sind:<\/span><br \/><span>Verona Villafranca: 88 km<\/span><br \/><span>Bergamo Orio al Serio: 173 km<\/span><br \/><span>Brescia Montichiari: 123 km<\/span><br \/><span>Mailand Malpensa: 256 km<\/span><\/p>\n<p>[\/et_pb_blurb][\/et_pb_column][\/et_pb_row][\/et_pb_section][et_pb_section fb_built=&#8220;1&#8243; fullwidth=&#8220;on&#8220; _builder_version=&#8220;4.21.0&#8243; _module_preset=&#8220;default&#8220; global_colors_info=&#8220;{}&#8220;][et_pb_fullwidth_code _builder_version=&#8220;4.21.0&#8243; _module_preset=&#8220;default&#8220; global_colors_info=&#8220;{}&#8220;]<iframe src=\"https:\/\/www.google.com\/maps\/embed?pb=!1m14!1m8!1m3!1d11095.00454084537!2d10.9040044!3d45.9562551!3m2!1i1024!2i768!4f13.1!3m3!1m2!1s0x478213758e591815%3A0xd53b87c811d03c6c!2sAgritur%20Vin%20e%20Amor!5e0!3m2!1sen!2s!4v1684417874486!5m2!1sen!2s\" width=\"100%\" height=\"450\" style=\"border:0;\" allowfullscreen=\"\" loading=\"lazy\" referrerpolicy=\"no-referrer-when-downgrade\"><\/iframe>[\/et_pb_fullwidth_code][\/et_pb_section]<\/p>\n","protected":false},"excerpt":{"rendered":"<p>INMITTEN DER NATUR VON SARCATALDer Agrotourismus Vin e Amor befindet sich in Dro, in einer ruhigen Lage nur 10 Kilometer von Riva del Garda und 1 km vom Stadtzentrum entfernt. Diejenigen, die Dro f\u00fcr ihren Urlaub am Gardasee w\u00e4hlen, genie\u00dfen\u00a0die Ruhe der Landschaft und die N\u00e4he zum See und zu den Str\u00e4nden, die nur 10 [&hellip;]<\/p>\n","protected":false},"author":1,"featured_media":0,"parent":0,"menu_order":0,"comment_status":"closed","ping_status":"closed","template":"","meta":{"_et_pb_use_builder":"on","_et_pb_old_content":"","_et_gb_content_width":"","ngg_post_thumbnail":0,"footnotes":""},"yoast_head":"<!-- This site is optimized with the Yoast SEO plugin v21.5 - https:\/\/yoast.com\/wordpress\/plugins\/seo\/ -->\n<title>Kontakt - SOC. AGR. SEMPLICE TIAGO E NISSE DI BENUZZI D. E BENUZZI M.<\/title>\n<meta name=\"robots\" content=\"index, follow, max-snippet:-1, max-image-preview:large, max-video-preview:-1\" \/>\n<link rel=\"canonical\" href=\"https:\/\/www.agriturvineamor.com\/de\/kontakt\/\" \/>\n<meta property=\"og:locale\" content=\"de_DE\" \/>\n<meta property=\"og:type\" content=\"article\" \/>\n<meta property=\"og:title\" content=\"Kontakt - SOC. AGR. SEMPLICE TIAGO E NISSE DI BENUZZI D. E BENUZZI M.\" \/>\n<meta property=\"og:description\" content=\"INMITTEN DER NATUR VON SARCATALDer Agrotourismus Vin e Amor befindet sich in Dro, in einer ruhigen Lage nur 10 Kilometer von Riva del Garda und 1 km vom Stadtzentrum entfernt. Diejenigen, die Dro f\u00fcr ihren Urlaub am Gardasee w\u00e4hlen, genie\u00dfen\u00a0die Ruhe der Landschaft und die N\u00e4he zum See und zu den Str\u00e4nden, die nur 10 [&hellip;]\" \/>\n<meta property=\"og:url\" content=\"https:\/\/www.agriturvineamor.com\/de\/kontakt\/\" \/>\n<meta property=\"og:site_name\" content=\"SOC. AGR. SEMPLICE TIAGO E NISSE DI BENUZZI D. E BENUZZI M.\" \/>\n<meta property=\"article:modified_time\" content=\"2023-11-13T16:37:05+00:00\" \/>\n<meta name=\"twitter:card\" content=\"summary_large_image\" \/>\n<meta name=\"twitter:label1\" content=\"Gesch\u00e4tzte Lesezeit\" \/>\n\t<meta name=\"twitter:data1\" content=\"3\u00a0Minuten\" \/>\n<script type=\"application\/ld+json\" class=\"yoast-schema-graph\">{\"@context\":\"https:\/\/schema.org\",\"@graph\":[{\"@type\":\"WebPage\",\"@id\":\"https:\/\/www.agriturvineamor.com\/de\/kontakt\/\",\"url\":\"https:\/\/www.agriturvineamor.com\/de\/kontakt\/\",\"name\":\"Kontakt - SOC. AGR. SEMPLICE TIAGO E NISSE DI BENUZZI D. E BENUZZI M.\",\"isPartOf\":{\"@id\":\"https:\/\/www.agriturvineamor.com\/#website\"},\"datePublished\":\"2023-05-18T08:13:55+00:00\",\"dateModified\":\"2023-11-13T16:37:05+00:00\",\"breadcrumb\":{\"@id\":\"https:\/\/www.agriturvineamor.com\/de\/kontakt\/#breadcrumb\"},\"inLanguage\":\"de\",\"potentialAction\":[{\"@type\":\"ReadAction\",\"target\":[\"https:\/\/www.agriturvineamor.com\/de\/kontakt\/\"]}]},{\"@type\":\"BreadcrumbList\",\"@id\":\"https:\/\/www.agriturvineamor.com\/de\/kontakt\/#breadcrumb\",\"itemListElement\":[{\"@type\":\"ListItem\",\"position\":1,\"name\":\"Home\",\"item\":\"https:\/\/www.agriturvineamor.com\/de\/\"},{\"@type\":\"ListItem\",\"position\":2,\"name\":\"Kontakt\"}]},{\"@type\":\"WebSite\",\"@id\":\"https:\/\/www.agriturvineamor.com\/#website\",\"url\":\"https:\/\/www.agriturvineamor.com\/\",\"name\":\"SOC. AGR. SEMPLICE TIAGO E NISSE DI BENUZZI D. E BENUZZI M.\",\"description\":\"\",\"potentialAction\":[{\"@type\":\"SearchAction\",\"target\":{\"@type\":\"EntryPoint\",\"urlTemplate\":\"https:\/\/www.agriturvineamor.com\/?s={search_term_string}\"},\"query-input\":\"required name=search_term_string\"}],\"inLanguage\":\"de\"}]}<\/script>\n<!-- \/ Yoast SEO plugin. -->","yoast_head_json":{"title":"Kontakt - SOC. AGR. SEMPLICE TIAGO E NISSE DI BENUZZI D. E BENUZZI M.","robots":{"index":"index","follow":"follow","max-snippet":"max-snippet:-1","max-image-preview":"max-image-preview:large","max-video-preview":"max-video-preview:-1"},"canonical":"https:\/\/www.agriturvineamor.com\/de\/kontakt\/","og_locale":"de_DE","og_type":"article","og_title":"Kontakt - SOC. AGR. SEMPLICE TIAGO E NISSE DI BENUZZI D. E BENUZZI M.","og_description":"INMITTEN DER NATUR VON SARCATALDer Agrotourismus Vin e Amor befindet sich in Dro, in einer ruhigen Lage nur 10 Kilometer von Riva del Garda und 1 km vom Stadtzentrum entfernt. Diejenigen, die Dro f\u00fcr ihren Urlaub am Gardasee w\u00e4hlen, genie\u00dfen\u00a0die Ruhe der Landschaft und die N\u00e4he zum See und zu den Str\u00e4nden, die nur 10 [&hellip;]","og_url":"https:\/\/www.agriturvineamor.com\/de\/kontakt\/","og_site_name":"SOC. AGR. SEMPLICE TIAGO E NISSE DI BENUZZI D. E BENUZZI M.","article_modified_time":"2023-11-13T16:37:05+00:00","twitter_card":"summary_large_image","twitter_misc":{"Gesch\u00e4tzte Lesezeit":"3\u00a0Minuten"},"schema":{"@context":"https:\/\/schema.org","@graph":[{"@type":"WebPage","@id":"https:\/\/www.agriturvineamor.com\/de\/kontakt\/","url":"https:\/\/www.agriturvineamor.com\/de\/kontakt\/","name":"Kontakt - SOC. AGR. SEMPLICE TIAGO E NISSE DI BENUZZI D. E BENUZZI M.","isPartOf":{"@id":"https:\/\/www.agriturvineamor.com\/#website"},"datePublished":"2023-05-18T08:13:55+00:00","dateModified":"2023-11-13T16:37:05+00:00","breadcrumb":{"@id":"https:\/\/www.agriturvineamor.com\/de\/kontakt\/#breadcrumb"},"inLanguage":"de","potentialAction":[{"@type":"ReadAction","target":["https:\/\/www.agriturvineamor.com\/de\/kontakt\/"]}]},{"@type":"BreadcrumbList","@id":"https:\/\/www.agriturvineamor.com\/de\/kontakt\/#breadcrumb","itemListElement":[{"@type":"ListItem","position":1,"name":"Home","item":"https:\/\/www.agriturvineamor.com\/de\/"},{"@type":"ListItem","position":2,"name":"Kontakt"}]},{"@type":"WebSite","@id":"https:\/\/www.agriturvineamor.com\/#website","url":"https:\/\/www.agriturvineamor.com\/","name":"SOC. AGR. SEMPLICE TIAGO E NISSE DI BENUZZI D. E BENUZZI M.","description":"","potentialAction":[{"@type":"SearchAction","target":{"@type":"EntryPoint","urlTemplate":"https:\/\/www.agriturvineamor.com\/?s={search_term_string}"},"query-input":"required name=search_term_string"}],"inLanguage":"de"}]}},"_links":{"self":[{"href":"https:\/\/www.agriturvineamor.com\/de\/wp-json\/wp\/v2\/pages\/594"}],"collection":[{"href":"https:\/\/www.agriturvineamor.com\/de\/wp-json\/wp\/v2\/pages"}],"about":[{"href":"https:\/\/www.agriturvineamor.com\/de\/wp-json\/wp\/v2\/types\/page"}],"author":[{"embeddable":true,"href":"https:\/\/www.agriturvineamor.com\/de\/wp-json\/wp\/v2\/users\/1"}],"replies":[{"embeddable":true,"href":"https:\/\/www.agriturvineamor.com\/de\/wp-json\/wp\/v2\/comments?post=594"}],"version-history":[{"count":3,"href":"https:\/\/www.agriturvineamor.com\/de\/wp-json\/wp\/v2\/pages\/594\/revisions"}],"predecessor-version":[{"id":833,"href":"https:\/\/www.agriturvineamor.com\/de\/wp-json\/wp\/v2\/pages\/594\/revisions\/833"}],"wp:attachment":[{"href":"https:\/\/www.agriturvineamor.com\/de\/wp-json\/wp\/v2\/media?parent=594"}],"curies":[{"name":"wp","href":"https:\/\/api.w.org\/{rel}","templated":true}]}}