{"id":589,"date":"2023-05-18T16:40:13","date_gmt":"2023-05-18T14:40:13","guid":{"rendered":"https:\/\/www.agriturvineamor.com\/colazione-2\/"},"modified":"2023-11-13T16:24:55","modified_gmt":"2023-11-13T15:24:55","slug":"fruehstueck","status":"publish","type":"page","link":"https:\/\/www.agriturvineamor.com\/de\/fruehstueck\/","title":{"rendered":"Fr\u00fchst\u00fcck"},"content":{"rendered":"<p>[et_pb_section fb_built=&#8220;1&#8243; _builder_version=&#8220;4.21.0&#8243; _module_preset=&#8220;default&#8220; use_background_color_gradient=&#8220;on&#8220; background_color_gradient_stops=&#8220;rgba(0,0,0,0.39) 0%|rgba(0,0,0,0.82) 100%&#8220; background_color_gradient_overlays_image=&#8220;on&#8220; background_image=&#8220;https:\/\/www.agriturvineamor.com\/wp-content\/uploads\/2023\/05\/colazione-agritur-vineamor.jpg&#8220; custom_padding=&#8220;350px||50px||false|false&#8220; global_colors_info=&#8220;{}&#8220;][et_pb_row _builder_version=&#8220;4.21.0&#8243; _module_preset=&#8220;default&#8220; max_width=&#8220;1440px&#8220; locked=&#8220;off&#8220; global_colors_info=&#8220;{}&#8220;][et_pb_column type=&#8220;4_4&#8243; _builder_version=&#8220;4.21.0&#8243; _module_preset=&#8220;default&#8220; global_colors_info=&#8220;{}&#8220;][et_pb_text _builder_version=&#8220;4.21.0&#8243; _dynamic_attributes=&#8220;content&#8220; _module_preset=&#8220;default&#8220; header_font=&#8220;Baloo Da 2|700|||||||&#8220; header_text_align=&#8220;center&#8220; header_text_color=&#8220;#FFFFFF&#8220; header_font_size=&#8220;50px&#8220; header_font_size_tablet=&#8220;40px&#8220; header_font_size_phone=&#8220;35px&#8220; header_font_size_last_edited=&#8220;on|phone&#8220; global_colors_info=&#8220;{}&#8220;]@ET-DC@eyJkeW5hbWljIjp0cnVlLCJjb250ZW50IjoicG9zdF90aXRsZSIsInNldHRpbmdzIjp7ImJlZm9yZSI6IjxoMT4iLCJhZnRlciI6IjxoMT4ifX0=@[\/et_pb_text][\/et_pb_column][\/et_pb_row][\/et_pb_section][et_pb_section fb_built=&#8220;1&#8243; _builder_version=&#8220;4.21.0&#8243; _module_preset=&#8220;default&#8220; global_colors_info=&#8220;{}&#8220;][et_pb_row _builder_version=&#8220;4.21.0&#8243; _module_preset=&#8220;default&#8220; width=&#8220;90%&#8220; max_width=&#8220;1440px&#8220; locked=&#8220;off&#8220; global_colors_info=&#8220;{}&#8220;][et_pb_column type=&#8220;4_4&#8243; _builder_version=&#8220;4.21.0&#8243; _module_preset=&#8220;default&#8220; global_colors_info=&#8220;{}&#8220;][et_pb_text _builder_version=&#8220;4.23.1&#8243; _module_preset=&#8220;default&#8220; header_font=&#8220;Baloo Da 2|700|||||||&#8220; header_text_color=&#8220;#a55d87&#8243; header_font_size=&#8220;35px&#8220; hover_enabled=&#8220;0&#8243; global_colors_info=&#8220;{}&#8220; sticky_enabled=&#8220;0&#8243;]<\/p>\n<h1 style=\"text-align: center;\">S\u00dcSSE UNVERF\u00c4LSCHTHEIT<\/h1>\n<p>[\/et_pb_text][\/et_pb_column][\/et_pb_row][et_pb_row column_structure=&#8220;1_2,1_2&#8243; _builder_version=&#8220;4.21.0&#8243; _module_preset=&#8220;default&#8220; width=&#8220;90%&#8220; max_width=&#8220;1440px&#8220; locked=&#8220;off&#8220; global_colors_info=&#8220;{}&#8220;][et_pb_column type=&#8220;1_2&#8243; _builder_version=&#8220;4.21.0&#8243; _module_preset=&#8220;default&#8220; global_colors_info=&#8220;{}&#8220;][et_pb_blurb title=&#8220;Was wird Ihnen im Vin e Amor am Morgen serviert?&#8220; content_max_width=&#8220;100%&#8220; _builder_version=&#8220;4.23.1&#8243; _module_preset=&#8220;default&#8220; header_font=&#8220;Baloo Da 2|700|||||||&#8220; header_text_color=&#8220;#a55d87&#8243; header_font_size=&#8220;30px&#8220; body_font=&#8220;Montserrat||||||||&#8220; body_text_color=&#8220;#1c1c1c&#8220; body_font_size=&#8220;18px&#8220; hover_enabled=&#8220;0&#8243; global_colors_info=&#8220;{}&#8220; sticky_enabled=&#8220;0&#8243;]<\/p>\n<p>S\u00fc\u00dfe Unverf\u00e4lschtheitDer Duft von frisch gebackenem Kuchen und das L\u00e4cheln von Cynthia im Saal der \u201eGuten Laune\u201d.<\/p>\n<p>Im Vin e Amor genie\u00dfen Sie die K\u00f6stlichkeit eines Fr\u00fchst\u00fccks aus lokalen Produkten. Auf dem B\u00fcfett: hausgemachte Kuchen, Obsttorten, Apfelstrudel, Kekse und Hefegeb\u00e4ck, Joghurt und frisches Saisonobst. Denjenigen, die salzige Speisen bevorzugen, stehen Schinken und K\u00e4se, hartgekochte Eier und Speck aus lokaler Herstellung zur Verf\u00fcgung.<\/p>\n<p>[\/et_pb_blurb][\/et_pb_column][et_pb_column type=&#8220;1_2&#8243; _builder_version=&#8220;4.21.0&#8243; _module_preset=&#8220;default&#8220; global_colors_info=&#8220;{}&#8220;][et_pb_blurb title=&#8220;Fr\u00fchst\u00fcck Im Freien&#8220; content_max_width=&#8220;100%&#8220; _builder_version=&#8220;4.23.1&#8243; _module_preset=&#8220;default&#8220; header_font=&#8220;Baloo Da 2|700|||||||&#8220; header_text_color=&#8220;#a55d87&#8243; header_font_size=&#8220;30px&#8220; body_font=&#8220;Montserrat||||||||&#8220; body_text_color=&#8220;#1c1c1c&#8220; body_font_size=&#8220;18px&#8220; custom_margin=&#8220;||22px|||&#8220; hover_enabled=&#8220;0&#8243; locked=&#8220;off&#8220; global_colors_info=&#8220;{}&#8220; sticky_enabled=&#8220;0&#8243;]<\/p>\n<p><span>Wenn Sie dem Zwitschern der V\u00f6gel lauschen m\u00f6chten, k\u00f6nnen Sie sich in den Garten setzen und Ihr Fr\u00fchst\u00fcck im Freien einnehmen.<\/span><\/p>\n<p>[\/et_pb_blurb][et_pb_blurb title=&#8220;Z\u00f6liakie &#038; Co.&#8220; content_max_width=&#8220;100%&#8220; _builder_version=&#8220;4.23.1&#8243; _module_preset=&#8220;default&#8220; header_font=&#8220;Baloo Da 2|700|||||||&#8220; header_text_color=&#8220;#a55d87&#8243; header_font_size=&#8220;30px&#8220; body_font=&#8220;Montserrat||||||||&#8220; body_text_color=&#8220;#1c1c1c&#8220; body_font_size=&#8220;18px&#8220; hover_enabled=&#8220;0&#8243; locked=&#8220;off&#8220; global_colors_info=&#8220;{}&#8220; sticky_enabled=&#8220;0&#8243;]<\/p>\n<p><span>Bei Nahrungsmittel-Intoleranz oder f\u00fcr andere Anforderungen geben Sie uns vor Ihrer Anreise Bescheid: Wir servieren Ihnen glutenfreie, laktosefreie und vegane Produkte je nach Ihren Bed\u00fcrfnissen.<\/span><\/p>\n<p>[\/et_pb_blurb][\/et_pb_column][\/et_pb_row][et_pb_row _builder_version=&#8220;4.21.0&#8243; _module_preset=&#8220;default&#8220; width=&#8220;90%&#8220; max_width=&#8220;1440px&#8220; locked=&#8220;off&#8220; global_colors_info=&#8220;{}&#8220;][et_pb_column type=&#8220;4_4&#8243; _builder_version=&#8220;4.21.0&#8243; _module_preset=&#8220;default&#8220; global_colors_info=&#8220;{}&#8220;][et_pb_image src=&#8220;https:\/\/www.agriturvineamor.com\/wp-content\/uploads\/2023\/05\/vin-amor-dro-agritur-grapes-150&#215;150-1.png&#8220; title_text=&#8220;vin-amor-dro-agritur-grapes-150&#215;150&#8243; align=&#8220;center&#8220; _builder_version=&#8220;4.21.0&#8243; _module_preset=&#8220;default&#8220; global_colors_info=&#8220;{}&#8220;][\/et_pb_image][et_pb_blurb title=&#8220;Photo Gallery&#8220; content_max_width=&#8220;100%&#8220; _builder_version=&#8220;4.21.0&#8243; _module_preset=&#8220;default&#8220; header_font=&#8220;Baloo Da 2|700|||||||&#8220; header_text_align=&#8220;center&#8220; header_text_color=&#8220;#a55d87&#8243; header_font_size=&#8220;30px&#8220; body_font=&#8220;Montserrat||||||||&#8220; body_text_color=&#8220;#1c1c1c&#8220; body_font_size=&#8220;18px&#8220; locked=&#8220;off&#8220; global_colors_info=&#8220;{}&#8220;]<\/p>\n<h4><\/h4>\n<div class=\"wpb_column vc_column_container vc_col-sm-6\">\n<div class=\"vc_column-inner\">\n<div class=\"wpb_wrapper\">\n<div class=\"wpb_text_column wpb_content_element  post-formatting \">\n<div class=\"wpb_wrapper\">\n<p>&nbsp;<\/p>\n<\/div>\n<\/div>\n<\/div>\n<\/div>\n<\/div>\n<p>[\/et_pb_blurb][\/et_pb_column][\/et_pb_row][et_pb_row use_custom_gutter=&#8220;on&#8220; gutter_width=&#8220;1&#8243; _builder_version=&#8220;4.21.0&#8243; _module_preset=&#8220;default&#8220; width=&#8220;100%&#8220; max_width=&#8220;100%&#8220; global_colors_info=&#8220;{}&#8220;][et_pb_column type=&#8220;4_4&#8243; _builder_version=&#8220;4.21.0&#8243; _module_preset=&#8220;default&#8220; global_colors_info=&#8220;{}&#8220;][et_pb_gallery gallery_ids=&#8220;375,376,377,378,379,380,381,382,383,384,385,386,387,388,389,390&#8243; posts_number=&#8220;16&#8243; show_title_and_caption=&#8220;off&#8220; show_pagination=&#8220;off&#8220; _builder_version=&#8220;4.21.0&#8243; _module_preset=&#8220;default&#8220; global_colors_info=&#8220;{}&#8220;][\/et_pb_gallery][\/et_pb_column][\/et_pb_row][\/et_pb_section]<\/p>\n","protected":false},"excerpt":{"rendered":"<p>S\u00dcSSE UNVERF\u00c4LSCHTHEITS\u00fc\u00dfe Unverf\u00e4lschtheitDer Duft von frisch gebackenem Kuchen und das L\u00e4cheln von Cynthia im Saal der \u201eGuten Laune\u201d. Im Vin e Amor genie\u00dfen Sie die K\u00f6stlichkeit eines Fr\u00fchst\u00fccks aus lokalen Produkten. Auf dem B\u00fcfett: hausgemachte Kuchen, Obsttorten, Apfelstrudel, Kekse und Hefegeb\u00e4ck, Joghurt und frisches Saisonobst. Denjenigen, die salzige Speisen bevorzugen, stehen Schinken und K\u00e4se, hartgekochte [&hellip;]<\/p>\n","protected":false},"author":1,"featured_media":0,"parent":0,"menu_order":0,"comment_status":"closed","ping_status":"closed","template":"","meta":{"_et_pb_use_builder":"on","_et_pb_old_content":"","_et_gb_content_width":"","ngg_post_thumbnail":0,"footnotes":""},"yoast_head":"<!-- This site is optimized with the Yoast SEO plugin v21.5 - https:\/\/yoast.com\/wordpress\/plugins\/seo\/ -->\n<title>Fr\u00fchst\u00fcck - SOC. AGR. SEMPLICE TIAGO E NISSE DI BENUZZI D. E BENUZZI M.<\/title>\n<meta name=\"robots\" content=\"index, follow, max-snippet:-1, max-image-preview:large, max-video-preview:-1\" \/>\n<link rel=\"canonical\" href=\"https:\/\/www.agriturvineamor.com\/de\/fruehstueck\/\" \/>\n<meta property=\"og:locale\" content=\"de_DE\" \/>\n<meta property=\"og:type\" content=\"article\" \/>\n<meta property=\"og:title\" content=\"Fr\u00fchst\u00fcck - SOC. AGR. SEMPLICE TIAGO E NISSE DI BENUZZI D. E BENUZZI M.\" \/>\n<meta property=\"og:description\" content=\"S\u00dcSSE UNVERF\u00c4LSCHTHEITS\u00fc\u00dfe Unverf\u00e4lschtheitDer Duft von frisch gebackenem Kuchen und das L\u00e4cheln von Cynthia im Saal der \u201eGuten Laune\u201d. Im Vin e Amor genie\u00dfen Sie die K\u00f6stlichkeit eines Fr\u00fchst\u00fccks aus lokalen Produkten. Auf dem B\u00fcfett: hausgemachte Kuchen, Obsttorten, Apfelstrudel, Kekse und Hefegeb\u00e4ck, Joghurt und frisches Saisonobst. Denjenigen, die salzige Speisen bevorzugen, stehen Schinken und K\u00e4se, hartgekochte [&hellip;]\" \/>\n<meta property=\"og:url\" content=\"https:\/\/www.agriturvineamor.com\/de\/fruehstueck\/\" \/>\n<meta property=\"og:site_name\" content=\"SOC. AGR. SEMPLICE TIAGO E NISSE DI BENUZZI D. E BENUZZI M.\" \/>\n<meta property=\"article:modified_time\" content=\"2023-11-13T15:24:55+00:00\" \/>\n<meta name=\"twitter:card\" content=\"summary_large_image\" \/>\n<meta name=\"twitter:label1\" content=\"Gesch\u00e4tzte Lesezeit\" \/>\n\t<meta name=\"twitter:data1\" content=\"2\u00a0Minuten\" \/>\n<script type=\"application\/ld+json\" class=\"yoast-schema-graph\">{\"@context\":\"https:\/\/schema.org\",\"@graph\":[{\"@type\":\"WebPage\",\"@id\":\"https:\/\/www.agriturvineamor.com\/de\/fruehstueck\/\",\"url\":\"https:\/\/www.agriturvineamor.com\/de\/fruehstueck\/\",\"name\":\"Fr\u00fchst\u00fcck - SOC. AGR. SEMPLICE TIAGO E NISSE DI BENUZZI D. E BENUZZI M.\",\"isPartOf\":{\"@id\":\"https:\/\/www.agriturvineamor.com\/#website\"},\"datePublished\":\"2023-05-18T14:40:13+00:00\",\"dateModified\":\"2023-11-13T15:24:55+00:00\",\"breadcrumb\":{\"@id\":\"https:\/\/www.agriturvineamor.com\/de\/fruehstueck\/#breadcrumb\"},\"inLanguage\":\"de\",\"potentialAction\":[{\"@type\":\"ReadAction\",\"target\":[\"https:\/\/www.agriturvineamor.com\/de\/fruehstueck\/\"]}]},{\"@type\":\"BreadcrumbList\",\"@id\":\"https:\/\/www.agriturvineamor.com\/de\/fruehstueck\/#breadcrumb\",\"itemListElement\":[{\"@type\":\"ListItem\",\"position\":1,\"name\":\"Home\",\"item\":\"https:\/\/www.agriturvineamor.com\/de\/\"},{\"@type\":\"ListItem\",\"position\":2,\"name\":\"Fr\u00fchst\u00fcck\"}]},{\"@type\":\"WebSite\",\"@id\":\"https:\/\/www.agriturvineamor.com\/#website\",\"url\":\"https:\/\/www.agriturvineamor.com\/\",\"name\":\"SOC. AGR. SEMPLICE TIAGO E NISSE DI BENUZZI D. E BENUZZI M.\",\"description\":\"\",\"potentialAction\":[{\"@type\":\"SearchAction\",\"target\":{\"@type\":\"EntryPoint\",\"urlTemplate\":\"https:\/\/www.agriturvineamor.com\/?s={search_term_string}\"},\"query-input\":\"required name=search_term_string\"}],\"inLanguage\":\"de\"}]}<\/script>\n<!-- \/ Yoast SEO plugin. -->","yoast_head_json":{"title":"Fr\u00fchst\u00fcck - SOC. AGR. SEMPLICE TIAGO E NISSE DI BENUZZI D. E BENUZZI M.","robots":{"index":"index","follow":"follow","max-snippet":"max-snippet:-1","max-image-preview":"max-image-preview:large","max-video-preview":"max-video-preview:-1"},"canonical":"https:\/\/www.agriturvineamor.com\/de\/fruehstueck\/","og_locale":"de_DE","og_type":"article","og_title":"Fr\u00fchst\u00fcck - SOC. AGR. SEMPLICE TIAGO E NISSE DI BENUZZI D. E BENUZZI M.","og_description":"S\u00dcSSE UNVERF\u00c4LSCHTHEITS\u00fc\u00dfe Unverf\u00e4lschtheitDer Duft von frisch gebackenem Kuchen und das L\u00e4cheln von Cynthia im Saal der \u201eGuten Laune\u201d. Im Vin e Amor genie\u00dfen Sie die K\u00f6stlichkeit eines Fr\u00fchst\u00fccks aus lokalen Produkten. Auf dem B\u00fcfett: hausgemachte Kuchen, Obsttorten, Apfelstrudel, Kekse und Hefegeb\u00e4ck, Joghurt und frisches Saisonobst. Denjenigen, die salzige Speisen bevorzugen, stehen Schinken und K\u00e4se, hartgekochte [&hellip;]","og_url":"https:\/\/www.agriturvineamor.com\/de\/fruehstueck\/","og_site_name":"SOC. AGR. SEMPLICE TIAGO E NISSE DI BENUZZI D. E BENUZZI M.","article_modified_time":"2023-11-13T15:24:55+00:00","twitter_card":"summary_large_image","twitter_misc":{"Gesch\u00e4tzte Lesezeit":"2\u00a0Minuten"},"schema":{"@context":"https:\/\/schema.org","@graph":[{"@type":"WebPage","@id":"https:\/\/www.agriturvineamor.com\/de\/fruehstueck\/","url":"https:\/\/www.agriturvineamor.com\/de\/fruehstueck\/","name":"Fr\u00fchst\u00fcck - SOC. AGR. SEMPLICE TIAGO E NISSE DI BENUZZI D. E BENUZZI M.","isPartOf":{"@id":"https:\/\/www.agriturvineamor.com\/#website"},"datePublished":"2023-05-18T14:40:13+00:00","dateModified":"2023-11-13T15:24:55+00:00","breadcrumb":{"@id":"https:\/\/www.agriturvineamor.com\/de\/fruehstueck\/#breadcrumb"},"inLanguage":"de","potentialAction":[{"@type":"ReadAction","target":["https:\/\/www.agriturvineamor.com\/de\/fruehstueck\/"]}]},{"@type":"BreadcrumbList","@id":"https:\/\/www.agriturvineamor.com\/de\/fruehstueck\/#breadcrumb","itemListElement":[{"@type":"ListItem","position":1,"name":"Home","item":"https:\/\/www.agriturvineamor.com\/de\/"},{"@type":"ListItem","position":2,"name":"Fr\u00fchst\u00fcck"}]},{"@type":"WebSite","@id":"https:\/\/www.agriturvineamor.com\/#website","url":"https:\/\/www.agriturvineamor.com\/","name":"SOC. AGR. SEMPLICE TIAGO E NISSE DI BENUZZI D. E BENUZZI M.","description":"","potentialAction":[{"@type":"SearchAction","target":{"@type":"EntryPoint","urlTemplate":"https:\/\/www.agriturvineamor.com\/?s={search_term_string}"},"query-input":"required name=search_term_string"}],"inLanguage":"de"}]}},"_links":{"self":[{"href":"https:\/\/www.agriturvineamor.com\/de\/wp-json\/wp\/v2\/pages\/589"}],"collection":[{"href":"https:\/\/www.agriturvineamor.com\/de\/wp-json\/wp\/v2\/pages"}],"about":[{"href":"https:\/\/www.agriturvineamor.com\/de\/wp-json\/wp\/v2\/types\/page"}],"author":[{"embeddable":true,"href":"https:\/\/www.agriturvineamor.com\/de\/wp-json\/wp\/v2\/users\/1"}],"replies":[{"embeddable":true,"href":"https:\/\/www.agriturvineamor.com\/de\/wp-json\/wp\/v2\/comments?post=589"}],"version-history":[{"count":3,"href":"https:\/\/www.agriturvineamor.com\/de\/wp-json\/wp\/v2\/pages\/589\/revisions"}],"predecessor-version":[{"id":809,"href":"https:\/\/www.agriturvineamor.com\/de\/wp-json\/wp\/v2\/pages\/589\/revisions\/809"}],"wp:attachment":[{"href":"https:\/\/www.agriturvineamor.com\/de\/wp-json\/wp\/v2\/media?parent=589"}],"curies":[{"name":"wp","href":"https:\/\/api.w.org\/{rel}","templated":true}]}}